{"id":854,"date":"2014-11-18T11:18:54","date_gmt":"2014-11-18T11:18:54","guid":{"rendered":"http:\/\/www.peptonicmedical.se\/?page_id=854"},"modified":"2022-09-13T07:37:15","modified_gmt":"2022-09-13T07:37:15","slug":"analysts","status":"publish","type":"page","link":"https:\/\/www.peptonicmedical.se\/en\/investors-old\/analysts\/","title":{"rendered":"Analysis"},"content":{"rendered":"<section class=\"wpb-content-wrapper\"><p>[vc_row][vc_column][vc_column_text css=&#8221;.vc_custom_1663054597366{padding-bottom: 15px !important;}&#8221;]<\/p>\n<h2>Analysis<\/h2>\n<p><strong><img decoding=\"async\" loading=\"lazy\" class=\"alignright wp-image-1652\" style=\"margin-left: 15px; margin-bottom: 10px;\" src=\"https:\/\/www.peptonicmedical.se\/wp-content\/uploads\/2022\/09\/PepMed_Prospekt_220913.jpg\" alt=\"\" width=\"201\" height=\"126\" \/>Analysguiden 2022-09-12<br \/>\n<\/strong>Peptonic Medical \u00f6kade oms\u00e4ttningen med 13% under H1 2022 till 21,3 mkr. Den nya strategin med kliniskt bevisad egenv\u00e5rd efter principen diagnostisera-behandla-f\u00f6rebygg m\u00f6ter en stark samh\u00e4llstrend som avspeglas i en v\u00e4xande f\u00f6rs\u00e4ljning och stark orderstock. Bolaget \u00e4r i en expansionsfas och v\u00e4ntas vara l\u00f6nsamma fr\u00e5n 2025. Som bolaget kommunicerade i sin Q1-rapport finns ytterligare framtida finansieringsbehov.<\/p>\n<p><a href=\"https:\/\/www.peptonicmedical.se\/wp-content\/uploads\/2022\/09\/Peptonic-Medical_Analysguiden-220912.pdf\" target=\"_blank\" rel=\"noopener noreferrer\">Ladda ner analysguiden \u00bb\u00ad<\/a>\u00ad[\/vc_column_text][vc_column_text css=&#8221;.vc_custom_1663054633402{padding-bottom: 15px !important;}&#8221;]<strong><img decoding=\"async\" loading=\"lazy\" class=\"alignright wp-image-1652\" style=\"margin-left: 15px; margin-bottom: 10px;\" src=\"https:\/\/www.peptonicmedical.se\/wp-content\/uploads\/2019\/06\/PepMed_Analysguide_2019-06-10.jpg\" alt=\"\" width=\"201\" height=\"126\" \/>Analysguiden 2019-06-10<br \/>\n<\/strong>Peptonic genomf\u00f6r g\u00f6r en nyemission f\u00f6r att vidare sats\u00ada p\u00e5 VagiVital\u00ae. Markandsn\u00e4rvaron i Sverige har st\u00e4rkts och kund\u00adn\u00f6jdheten \u00e4r h\u00f6g. Vidare etablering i Norden ligger \u00f6verst p\u00e5 agendan, men USA kan bli aktuellt redan mot slutet av 2020.<\/p>\n<p><a href=\"https:\/\/www.peptonicmedical.se\/wp-content\/uploads\/2019\/06\/PepMed_Analys_2019-06-10.pdf\" target=\"_blank\" rel=\"noopener noreferrer\">Ladda ner analysguiden \u00bb\u00ad<\/a>\u00ad[\/vc_column_text][vc_column_text css=&#8221;.vc_custom_1560172475304{padding-bottom: 15px !important;}&#8221;]<strong><img decoding=\"async\" loading=\"lazy\" class=\"alignright wp-image-1652\" style=\"margin-left: 15px; margin-bottom: 10px;\" src=\"https:\/\/www.peptonicmedical.se\/wp-content\/uploads\/2018\/04\/PepMed_Analysguide_2018-04-27.jpg\" alt=\"\" width=\"201\" height=\"126\" srcset=\"https:\/\/www.peptonicmedical.se\/wp-content\/uploads\/2018\/04\/PepMed_Analysguide_2018-04-27.jpg 797w, https:\/\/www.peptonicmedical.se\/wp-content\/uploads\/2018\/04\/PepMed_Analysguide_2018-04-27-300x188.jpg 300w, https:\/\/www.peptonicmedical.se\/wp-content\/uploads\/2018\/04\/PepMed_Analysguide_2018-04-27-768x482.jpg 768w, https:\/\/www.peptonicmedical.se\/wp-content\/uploads\/2018\/04\/PepMed_Analysguide_2018-04-27-320x201.jpg 320w, https:\/\/www.peptonicmedical.se\/wp-content\/uploads\/2018\/04\/PepMed_Analysguide_2018-04-27-775x486.jpg 775w\" sizes=\"(max-width: 201px) 100vw, 201px\" \/>Analysguiden 2018-04-27<br \/>\n<\/strong>Peptonic genomf\u00f6r en emission inf\u00f6r lansering av VagiVital\u00ae. Pengarna skall \u00e4ven r\u00e4cka till marknadsf\u00f6ringskostnader i Sverige. Med kliniska data som p\u00e5visar produktens goda effekt \u00e4r det inte orimligt att VagiVital\u00ae snabbt kan ta marknadsandelar, givet att lanseringen blir av som planerat.<\/p>\n<p><a href=\"https:\/\/www.peptonicmedical.se\/wp-content\/uploads\/2018\/04\/PepMed_Analysguiden_20180427.pdf\" target=\"_blank\" rel=\"noopener noreferrer\">Ladda ner analysguiden \u00bb\u00ad<\/a>\u00ad[\/vc_column_text][vc_column_text css=&#8221;.vc_custom_1524905835404{padding-bottom: 15px !important;}&#8221;]<strong><img decoding=\"async\" loading=\"lazy\" class=\"alignright wp-image-1496 size-full\" style=\"margin-left: 15px; margin-bottom: 10px;\" src=\"https:\/\/www.peptonicmedical.se\/wp-content\/uploads\/2017\/06\/Analysguide_170605_200px.jpg\" alt=\"Analysguiden PEPTONIC medical\" width=\"200\" height=\"191\" \/>Analysguiden 2017-06-02<br \/>\n<\/strong>Peptonics misslyckade fas II-studier ger st\u00f6d \u00e5t lansering av en receptfri egenv\u00e5rdsprodukt mot vaginal atrofi. V\u00e4gen till marknaden \u00e4r kortare och mindre riskfylld. En lansering kan bli av redan 2018. Vi rekommenderar Teckna.<\/p>\n<p><a href=\"https:\/\/www.peptonicmedical.se\/wp-content\/uploads\/2017\/06\/PepMed_Analysguiden_20170602.pdf\" target=\"_blank\" rel=\"noopener noreferrer\">Ladda ner analysguiden \u00bb\u00ad<\/a>\u00ad[\/vc_column_text][vc_column_text css=&#8221;.vc_custom_1511172650870{padding-bottom: 15px !important;}&#8221;]<strong><img decoding=\"async\" loading=\"lazy\" class=\"alignright wp-image-1344 size-full\" style=\"margin-left: 15px; margin-bottom: 10px;\" src=\"https:\/\/www.peptonicmedical.se\/wp-content\/uploads\/2015\/09\/PepMed_Analysguide_2016-06-22_200px.jpg\" width=\"200\" height=\"188\" \/>Analysguiden 2016-06-22<br \/>\n<\/strong>Stor uppsida men h\u00f6g risk. Peptonics p\u00e5g\u00e5ende fas IIb-studie fortl\u00f6per som planerat. Studieresultaten v\u00e4ntas vara p\u00e5 plats i december och \u00e4r avg\u00f6rande f\u00f6r bolaget liksom f\u00f6r aktien. Vid positiva resultat \u00e4r uppsidan stor.<\/p>\n<p><a href=\"https:\/\/www.peptonicmedical.se\/wp-content\/uploads\/2015\/09\/Peptonic-medical_Analysguiden_160622.pdf\" target=\"_blank\" rel=\"noopener noreferrer\">Ladda ner analysguiden \u00bb<\/a>[\/vc_column_text][vc_column_text]<strong><img decoding=\"async\" loading=\"lazy\" class=\"alignright wp-image-1285 size-full\" style=\"margin-left: 15px; margin-bottom: 10px;\" src=\"https:\/\/www.peptonicmedical.se\/wp-content\/uploads\/2015\/09\/PepMed_Analysguide_200px.jpg\" alt=\"PepMed_Analysguide_200px\" width=\"200\" height=\"165\" \/>Analysguiden 2016-03-08<br \/>\n<\/strong>Men en st\u00e4rkt kassa avser Peptonic att \u00e5ter en g\u00e5ng ta sin l\u00e4kemedelskandidat Vagitocin\u00ae till klinikerna. Bolaget har presenterat en agenda f\u00f6r studien med ett uppskattat tidsschema.<\/p>\n<p><a href=\"https:\/\/www.peptonicmedical.se\/wp-content\/uploads\/2015\/09\/Peptonic-medical_Analysguiden_160308.pdf\" target=\"_blank\" rel=\"noopener noreferrer\">Ladda ner analysguiden \u00bb<\/a>[\/vc_column_text][\/vc_column][\/vc_row][vc_row][vc_column][vc_column_text]<\/p>\n<h2>Analysts<\/h2>\n<p><strong>Markus Augustsson<\/strong><br \/>\nHead of Equity Research<br \/>\nMobile: +46 (0)76 235 03 20<\/p>\n<p>Carlsquare AB<br \/>\nBirger Jarlsgatan 13,<br \/>\n5 th Floor,<br \/>\nSE-111 45 Stockholm, Sweden[\/vc_column_text][\/vc_column][\/vc_row]<\/p>\n<\/section>","protected":false},"excerpt":{"rendered":"<p>[vc_row][vc_column][vc_column_text css=&#8221;.vc_custom_1663054597366{padding-bottom: 15px !important;}&#8221;] Analysis Analysguiden 2022-09-12 Peptonic Medical \u00f6kade oms\u00e4ttningen med 13% under H1 2022 till 21,3 mkr. Den nya strategin med kliniskt bevisad egenv\u00e5rd efter principen diagnostisera-behandla-f\u00f6rebygg m\u00f6ter en stark samh\u00e4llstrend som avspeglas i en v\u00e4xande f\u00f6rs\u00e4ljning och stark orderstock. Bolaget \u00e4r i en expansionsfas och v\u00e4ntas vara l\u00f6nsamma fr\u00e5n 2025. Som bolaget [&hellip;]<\/p>\n","protected":false},"author":1,"featured_media":0,"parent":9,"menu_order":15,"comment_status":"closed","ping_status":"closed","template":"","meta":[],"_links":{"self":[{"href":"https:\/\/www.peptonicmedical.se\/en\/wp-json\/wp\/v2\/pages\/854"}],"collection":[{"href":"https:\/\/www.peptonicmedical.se\/en\/wp-json\/wp\/v2\/pages"}],"about":[{"href":"https:\/\/www.peptonicmedical.se\/en\/wp-json\/wp\/v2\/types\/page"}],"author":[{"embeddable":true,"href":"https:\/\/www.peptonicmedical.se\/en\/wp-json\/wp\/v2\/users\/1"}],"replies":[{"embeddable":true,"href":"https:\/\/www.peptonicmedical.se\/en\/wp-json\/wp\/v2\/comments?post=854"}],"version-history":[{"count":7,"href":"https:\/\/www.peptonicmedical.se\/en\/wp-json\/wp\/v2\/pages\/854\/revisions"}],"predecessor-version":[{"id":4147,"href":"https:\/\/www.peptonicmedical.se\/en\/wp-json\/wp\/v2\/pages\/854\/revisions\/4147"}],"up":[{"embeddable":true,"href":"https:\/\/www.peptonicmedical.se\/en\/wp-json\/wp\/v2\/pages\/9"}],"wp:attachment":[{"href":"https:\/\/www.peptonicmedical.se\/en\/wp-json\/wp\/v2\/media?parent=854"}],"curies":[{"name":"wp","href":"https:\/\/api.w.org\/{rel}","templated":true}]}}