{"id":826,"date":"2019-05-24T09:58:40","date_gmt":"2019-05-24T09:58:40","guid":{"rendered":"http:\/\/www.peptonicmedical.se\/?page_id=826"},"modified":"2019-05-30T07:16:56","modified_gmt":"2019-05-30T07:16:56","slug":"var-med-i-var-forskningsstudie","status":"publish","type":"page","link":"https:\/\/www.peptonicmedical.se\/en\/var-med-i-var-forskningsstudie\/","title":{"rendered":"Vi s\u00f6ker deltagare till klinisk unders\u00f6kning"},"content":{"rendered":"<section class=\"wpb-content-wrapper\"><p>[vc_row][vc_column][vc_column_text]F\u00e5r du behandling med aromatash\u00e4mmare? Har du problem med vaginal torrhet och\/eller sm\u00e4rta vid samlag? D\u00e5 kanske du vill delta i v\u00e5r kliniska unders\u00f6kning vars syfte \u00e4r att testa en ny medicinsk produkt f\u00f6r behandling av torra och sk\u00f6ra slemhinnor i vagina hos kvinnor som f\u00e5r behandling med aromatash\u00e4mmare.<\/p>\n<p>Studien \u00e4r godk\u00e4nd av Etikpr\u00f6vningsmyndigheten. Deltagande patienters personuppgifter behandlas strikt konfidentiellt. Alla bes\u00f6k liksom studieprodukten \u00e4r gratis. Produkten som anv\u00e4nds i studien \u00e4r CE-m\u00e4rkt och godk\u00e4nd.<\/p>\n<p>Vi s\u00f6ker dig som:<\/p>\n<ul>\n<li>\u00c4r kvinna \u00f6ver 18 \u00e5r.<\/li>\n<li>Har diagnostiserats med cancer och har p\u00e5g\u00e5ende behandling med aromatash\u00e4mmare.<\/li>\n<li>Upplever vaginal torrhet, sm\u00e4rta, sveda, kl\u00e5da och\/eller sm\u00e4rta vid samlag.<\/li>\n<li>F\u00f6r \u00f6vrigt \u00e4r v\u00e4sentligt frisk.<\/li>\n<\/ul>\n<h3>Beskrivning av den kliniska unders\u00f6kningen<\/h3>\n<p>Det \u00e4r vanligt att kvinnor med cancer f\u00e5r behandling med aromatash\u00e4mmare och i samband med detta drabbas av vaginal atrofi. Detta medf\u00f6r att slemhinnorna i vagina f\u00f6rtunnas och blir mindre elastiska och kvinnan upplever vaginal torrhet, sveda, kl\u00e5da, \u00f6mhet och\/eller sm\u00e4rta vid samlag.<\/p>\n<p>De flesta upplever att vaginal atrofi har en negativ inverkan p\u00e5 livskvalit\u00e9n. Sexlusten kan reduceras p\u00e5 grund av sm\u00e4rta vid samlag, vilket naturligtvis p\u00e5verkar samlivet. Man kan \u00e4ven k\u00e4nna sm\u00e4rta n\u00e4r man kissar och k\u00e4nna obehag vid fysisk aktivitet som t ex vid cykling.<\/p>\n<p>Den medicintekniska produkten som ska studeras i denna kliniska unders\u00f6kning \u00e4r en hormonfri gel. Produkten \u00e4r CE-m\u00e4rkt och har tidigare har genomg\u00e5tt kliniska studier.<\/p>\n<p>Behandlingen p\u00e5g\u00e5r under 12 veckor och deltagarna i studien f\u00e5r g\u00e5 p\u00e5 tre l\u00e4karbes\u00f6k. Dessutom f\u00f6ljs deltagarna upp via telefonsamtal tv\u00e5 veckor efter avslutad behandling. Deltagarna har ocks\u00e5 m\u00f6jlighet att sj\u00e4lva ta kontakt med ansvarig studiepersonal under studien.<\/p>\n<p>Alla bes\u00f6k liksom studieprodukten \u00e4r gratis.<\/p>\n<p>Den kliniska unders\u00f6kningen \u00e4r godk\u00e4nd av Etikpr\u00f6vningsmyndigheten. Deltagande patienters personuppgifter behandlas strikt konfidentiellt.<\/p>\n<h3>Mer information och intresseanm\u00e4lan<\/h3>\n<p><strong>V\u00e4lkommen att kontakta ansvarig forskningsk\u00f6terska:<br \/>\n<\/strong>Maria Furs\u00e4ter<br \/>\nTelefon: 08-58587518<br \/>\n<a href=\"mailto:kvinnoforskningsenheten.karolinska@sll.se\">kvinnoforskningsenheten.karolinska@sll.se<\/a><\/p>\n<p><strong>Ansvarig l\u00e4kare:<\/strong><br \/>\nAino Fianu Jonasson\u00a0\u00a0 Karolinska Universitetssjukhuset i Huddinge[\/vc_column_text][vc_row_inner el_class=&#8221;hide&#8221;][vc_column_inner width=&#8221;1\/2&#8243;][vc_column_text]<\/p>\n<h3>Karolinska Universitetssjukhuset Huddinge<\/h3>\n<p><strong>Maria Karlsson<\/strong><br \/>\nTel: 08-585 814 13<br \/>\n<a href=\"mailto:maria.k.karlsson@karolinska.se\">maria.k.karlsson@karolinska.se<\/a><\/p>\n<p><strong>Margaretaha Str\u00f6m<\/strong><br \/>\nTel: 08-585 814 13<br \/>\nFax: 08- 585 814 15<br \/>\n<a href=\"mailto:margaretha.strom@karolinska.se\">margaretha.strom@karolinska.se<\/a><\/p>\n<p><strong>Ansvarig l\u00e4kare<\/strong><br \/>\nAino Fianu Jonasson[\/vc_column_text][\/vc_column_inner][vc_column_inner width=&#8221;1\/2&#8243;][vc_column_text]<\/p>\n<h3>Akademiska sjukhuset Uppsala<\/h3>\n<p><strong>Lena Moby<\/strong><br \/>\nTel: 018-611 57 87<br \/>\n<a href=\"mailto:lena.moby@kbh.uu.se\">lena.moby@kbh.uu.se<\/a><\/p>\n<p><strong>Ansvariga l\u00e4kare<\/strong><br \/>\nInger Sundstr\u00f6m Porooma\/<br \/>\nEmma H\u00e5stad[\/vc_column_text][\/vc_column_inner][\/vc_row_inner][vc_row_inner el_class=&#8221;hide&#8221;][vc_column_inner width=&#8221;1\/2&#8243;][vc_column_text]<\/p>\n<h3>Norrlands Universitetssjukhus Ume\u00e5<\/h3>\n<p><strong>Sigrid Nyberg<\/strong><br \/>\nTel: 090-785 04 99<br \/>\n<a href=\"mailto:sigrid.nyberg@vll.se\">sigrid.nyberg@vll.se<\/a><\/p>\n<p><strong>Ansvarig l\u00e4kare<\/strong><br \/>\nMarie Bixo[\/vc_column_text][\/vc_column_inner][vc_column_inner width=&#8221;1\/2&#8243;][vc_column_text]<\/p>\n<h3>Qvinnolivet Specialistl\u00e4karna Kungsbacka<\/h3>\n<p><strong>Anette Curtsdotter<\/strong><br \/>\nTel: 0300-136 03<br \/>\n<a href=\"mailto:anette@qvinnolivet.se\">anette@qvinnolivet.se<\/a><\/p>\n<p><strong>Ansvarig l\u00e4kare<\/strong><br \/>\nAgneta Ehrenborg[\/vc_column_text][\/vc_column_inner][\/vc_row_inner][vc_row_inner el_class=&#8221;hide&#8221;][vc_column_inner width=&#8221;1\/2&#8243;][vc_column_text]<\/p>\n<h3>Hoftekliniken Helsingborg<\/h3>\n<p><strong>Christin Vasilcin Bengtsson<\/strong><br \/>\nTel: 042-12 72 70<br \/>\n<a href=\"mailto:christin.vasilcin.bengtsson@ptj.se\">christin.vasilcin.bengtsson@ptj.se<\/a><\/p>\n<p><strong>Ansvarig l\u00e4kare<\/strong><br \/>\nCatharina Hofte[\/vc_column_text][\/vc_column_inner][vc_column_inner width=&#8221;1\/2&#8243;][\/vc_column_inner][\/vc_row_inner][\/vc_column][\/vc_row][vc_row el_class=&#8221;hide&#8221;][vc_column][vc_column_text]<\/p>\n<h3>Beskrivning av den kliniska unders\u00f6kningen<\/h3>\n<p>Det \u00e4r vanligt att kvinnor med cancer f\u00e5r behandling med aromatash\u00e4mmare och i samband med detta drabbas av vaginal atrofi. Detta medf\u00f6r att slemhinnorna i vagina f\u00f6rtunnas och blir mindre elastiska och kvinnan upplever vaginal torrhet, sveda, kl\u00e5da, \u00f6mhet och\/eller sm\u00e4rta vid samlag.<\/p>\n<p>De flesta upplever att vaginal atrofi har en negativ inverkan p\u00e5 livskvalit\u00e9n. Sexlusten kan reduceras p\u00e5 grund av sm\u00e4rta vid samlag, vilket naturligtvis p\u00e5verkar samlivet. Man kan \u00e4ven k\u00e4nna sm\u00e4rta n\u00e4r man kissar och k\u00e4nna obehag vid fysisk aktivitet som t ex vid cykling.<\/p>\n<p>Den medicintekniska produkten som ska studeras i denna kliniska unders\u00f6kning heter VagiVital\u00ae och \u00e4r ett hormonfritt gel. Gelen avger vatten till vaginalslemhinnan \u00f6ver tid, sm\u00f6rjer lokalt och s\u00e4nker pH. VagiVital\u00ae \u00e4r en CE-m\u00e4rkt produkt som tidigare har genomg\u00e5tt kliniska studier.<\/p>\n<p>Behandlingen p\u00e5g\u00e5r under 12 veckor och deltagarna i studien f\u00e5r g\u00e5 p\u00e5 tre l\u00e4karbes\u00f6k. Dessutom f\u00f6ljs deltagarna upp via telefonsamtal tv\u00e5 veckor efter avslutad behandling. Deltagarna har ocks\u00e5 m\u00f6jlighet att sj\u00e4lva ta kontakt med ansvarig studiepersonal under studien.<\/p>\n<p>Alla bes\u00f6k liksom studieprodukten \u00e4r gratis.<\/p>\n<p>Den kliniska unders\u00f6kningen \u00e4r godk\u00e4nd av Etikpr\u00f6vningsmyndigheten. Deltagande patienters personuppgifter behandlas strikt konfidentiellt.[\/vc_column_text][\/vc_column][\/vc_row]<\/p>\n<\/section>","protected":false},"excerpt":{"rendered":"<p>[vc_row][vc_column][vc_column_text]F\u00e5r du behandling med aromatash\u00e4mmare? Har du problem med vaginal torrhet och\/eller sm\u00e4rta vid samlag? D\u00e5 kanske du vill delta i v\u00e5r kliniska unders\u00f6kning vars syfte \u00e4r att testa en ny medicinsk produkt f\u00f6r behandling av torra och sk\u00f6ra slemhinnor i vagina hos kvinnor som f\u00e5r behandling med aromatash\u00e4mmare. Studien \u00e4r godk\u00e4nd av Etikpr\u00f6vningsmyndigheten. Deltagande [&hellip;]<\/p>\n","protected":false},"author":1,"featured_media":0,"parent":0,"menu_order":5,"comment_status":"closed","ping_status":"closed","template":"","meta":[],"_links":{"self":[{"href":"https:\/\/www.peptonicmedical.se\/en\/wp-json\/wp\/v2\/pages\/826"}],"collection":[{"href":"https:\/\/www.peptonicmedical.se\/en\/wp-json\/wp\/v2\/pages"}],"about":[{"href":"https:\/\/www.peptonicmedical.se\/en\/wp-json\/wp\/v2\/types\/page"}],"author":[{"embeddable":true,"href":"https:\/\/www.peptonicmedical.se\/en\/wp-json\/wp\/v2\/users\/1"}],"replies":[{"embeddable":true,"href":"https:\/\/www.peptonicmedical.se\/en\/wp-json\/wp\/v2\/comments?post=826"}],"version-history":[{"count":5,"href":"https:\/\/www.peptonicmedical.se\/en\/wp-json\/wp\/v2\/pages\/826\/revisions"}],"predecessor-version":[{"id":1894,"href":"https:\/\/www.peptonicmedical.se\/en\/wp-json\/wp\/v2\/pages\/826\/revisions\/1894"}],"wp:attachment":[{"href":"https:\/\/www.peptonicmedical.se\/en\/wp-json\/wp\/v2\/media?parent=826"}],"curies":[{"name":"wp","href":"https:\/\/api.w.org\/{rel}","templated":true}]}}