{"id":713,"date":"2014-07-03T07:51:11","date_gmt":"2014-07-03T07:51:11","guid":{"rendered":"http:\/\/www.peptonicmedical.se\/?page_id=713"},"modified":"2018-12-02T10:59:30","modified_gmt":"2018-12-02T10:59:30","slug":"the-share","status":"publish","type":"page","link":"https:\/\/www.peptonicmedical.se\/en\/investors-old\/the-share\/","title":{"rendered":"The share"},"content":{"rendered":"<section class=\"wpb-content-wrapper\"><p>[vc_row css=&#8221;.vc_custom_1401286788097{margin-bottom: 0px !important;}&#8221;][vc_column][vc_column_text css=&#8221;.vc_custom_1543748369153{margin-bottom: 20px !important;}&#8221;]Utf\u00f6rlig information om aktuell kurs, orderdjup och senaste avslut f\u00f6r PEPTONIC Medical aktien presenteras p\u00e5 v\u00e5r IR-sida p\u00e5 spotlightstockmarket.com.<\/p>\n<p><a href=\"https:\/\/www.spotlightstockmarket.com\/sv\/bolag\/irabout?InstrumentId=XSAT01001324\" target=\"_blank\" rel=\"noopener\">Mer om aktien p\u00e5 spotlightstockmarket.com \u00bb<\/a><\/p>\n<h3>Graf med slutkurser och volymer<\/h3>\n<p>Grafen har justerats f\u00f6r split, omv\u00e4nd split, emission och utdelning.[\/vc_column_text][vc_row_inner][vc_column_inner][vc_column_text]<\/p>\n<style type=\"text\/css\">\niframe, object, embed {<br \/>max-width: 100%;<br \/>}<\/style>\n<p><iframe loading=\"lazy\" style=\"margin: 0 auto;\" src=\"https:\/\/graph.spotlightstockmarket.com\/sv\/bolag\/irabout?InstrumentId=XSAT01001324\" width=\"100%\" height=\"500\" frameborder=\"0\" marginwidth=\"0\" marginheight=\"0\" scrolling=\"no\"><\/iframe>[\/vc_column_text][\/vc_column_inner][\/vc_row_inner][\/vc_column][\/vc_row]<\/p>\n<\/section>","protected":false},"excerpt":{"rendered":"<p>[vc_row css=&#8221;.vc_custom_1401286788097{margin-bottom: 0px !important;}&#8221;][vc_column][vc_column_text css=&#8221;.vc_custom_1543748369153{margin-bottom: 20px !important;}&#8221;]Utf\u00f6rlig information om aktuell kurs, orderdjup och senaste avslut f\u00f6r PEPTONIC Medical aktien presenteras p\u00e5 v\u00e5r IR-sida p\u00e5 spotlightstockmarket.com. Mer om aktien p\u00e5 spotlightstockmarket.com \u00bb Graf med slutkurser och volymer Grafen har justerats f\u00f6r split, omv\u00e4nd split, emission och utdelning.[\/vc_column_text][vc_row_inner][vc_column_inner][vc_column_text] [\/vc_column_text][\/vc_column_inner][\/vc_row_inner][\/vc_column][\/vc_row]<\/p>\n","protected":false},"author":1,"featured_media":0,"parent":9,"menu_order":2,"comment_status":"closed","ping_status":"closed","template":"","meta":[],"_links":{"self":[{"href":"https:\/\/www.peptonicmedical.se\/en\/wp-json\/wp\/v2\/pages\/713"}],"collection":[{"href":"https:\/\/www.peptonicmedical.se\/en\/wp-json\/wp\/v2\/pages"}],"about":[{"href":"https:\/\/www.peptonicmedical.se\/en\/wp-json\/wp\/v2\/types\/page"}],"author":[{"embeddable":true,"href":"https:\/\/www.peptonicmedical.se\/en\/wp-json\/wp\/v2\/users\/1"}],"replies":[{"embeddable":true,"href":"https:\/\/www.peptonicmedical.se\/en\/wp-json\/wp\/v2\/comments?post=713"}],"version-history":[{"count":5,"href":"https:\/\/www.peptonicmedical.se\/en\/wp-json\/wp\/v2\/pages\/713\/revisions"}],"predecessor-version":[{"id":1740,"href":"https:\/\/www.peptonicmedical.se\/en\/wp-json\/wp\/v2\/pages\/713\/revisions\/1740"}],"up":[{"embeddable":true,"href":"https:\/\/www.peptonicmedical.se\/en\/wp-json\/wp\/v2\/pages\/9"}],"wp:attachment":[{"href":"https:\/\/www.peptonicmedical.se\/en\/wp-json\/wp\/v2\/media?parent=713"}],"curies":[{"name":"wp","href":"https:\/\/api.w.org\/{rel}","templated":true}]}}