{"id":2719,"date":"2022-04-25T11:32:58","date_gmt":"2022-04-25T11:32:58","guid":{"rendered":"http:\/\/www.peptonicmedical.se\/?page_id=2719"},"modified":"2022-04-25T15:33:50","modified_gmt":"2022-04-25T15:33:50","slug":"arsstamma-2022","status":"publish","type":"page","link":"https:\/\/www.peptonicmedical.se\/en\/investors-old\/arsstamma-2022\/","title":{"rendered":"\u00c5rsst\u00e4mma 2022"},"content":{"rendered":"<style><!-- .table { width: 100%; margin: 20px 0 30px; } .table td { padding: 4px 8px; border-bottom: 1px solid #DEDEDE; width: 50%; } .table th { padding: 4px 8px; background-color: #E5E5E5; width: 50%; text-align: left; font-weight: bold; } --><\/style>\n<p class=\"intro\">Aktie\u00e4garna i PEPTONIC medical AB (publ), org.nr 556776-3064 (\u201dBolaget\u201d) kallas h\u00e4rmed till \u00e5rsst\u00e4mma tisdagen den 24 maj 2022 kl.15.00 i Alviksstrand konferens (lokal Stora Essingen), Gustavslundsv\u00e4gen 141 a, 167 51 Bromma.<\/p>\n<h3>Anm\u00e4lan med mera<\/h3>\n<p>Aktie\u00e4gare som \u00f6nskar delta i \u00e5rsst\u00e4mman ska:<\/p>\n<ul>\n<li>dels vara inf\u00f6rd i den av Euroclear Sweden AB f\u00f6rda aktieboken m\u00e5ndagen den 16 maj 2022 (den s.k. avst\u00e4mningsdagen), och<\/li>\n<li>dels anm\u00e4la sitt deltagande s\u00e5 att denna \u00e4r Bolaget tillhanda senast onsdagen den 18 maj 2022, under adress, Peptonic Medical AB, Gustavslundsv\u00e4gen 143, 167 51 Bromma, med angivande av \u201d\u00e5rsst\u00e4mma\u201d, eller via e-post till <a href=\"mailto:info@peptonicmedical.se\">info@peptonicmedical.se<\/a>.<\/li>\n<\/ul>\n<p>Vid anm\u00e4lan ska uppges aktie\u00e4garens namn, person- eller organisationsnummer (eller motsvarande), adress, telefonnummer (dagtid), aktieinnehav, uppgift om eventuella bitr\u00e4den, samt i f\u00f6rekommande fall uppgift om st\u00e4llf\u00f6retr\u00e4dare eller ombud.<\/p>\n<h3>F\u00f6rvaltarregistrerade aktier<\/h3>\n<p>Aktie\u00e4gare som l\u00e5tit f\u00f6rvaltarregistrera sina aktier m\u00e5ste, f\u00f6r att ha r\u00e4tt att delta i bolagsst\u00e4mman, tillf\u00e4lligt inregistrera aktierna i eget namn i den av Euroclear Sweden AB f\u00f6rda aktieboken. S\u00e5dan omregistrering m\u00e5ste vara verkst\u00e4lld senast m\u00e5ndagen den 16 maj 2022. Detta inneb\u00e4r att aktie\u00e4gare i god tid f\u00f6re denna dag m\u00e5ste meddela sin beg\u00e4ran h\u00e4rom till f\u00f6rvaltaren. Omregistrering som av aktie\u00e4gare har beg\u00e4rts i s\u00e5dan tid att registreringen har gjorts av f\u00f6rvaltaren senast onsdag den 18 maj 2022 kommer att beaktas vid framst\u00e4llningen av aktieboken.<\/p>\n<h3>Ombud<\/h3>\n<p>Aktie\u00e4gare som avser att n\u00e4rvara genom ombud ska utf\u00e4rda daterad fullmakt f\u00f6r ombud. Om fullmakt utf\u00e4rdas av juridisk person ska bestyrkt kopia av registreringsbevis eller motsvarande f\u00f6r den juridiska personen bifogas. Fullmakts giltighet f\u00e5r anges till l\u00e4ngst fem \u00e5r fr\u00e5n utf\u00e4rdandet. Fullmakt i original samt eventuellt registreringsbevis b\u00f6r i god tid f\u00f6re \u00e5rsst\u00e4mman ins\u00e4ndas till Bolaget p\u00e5 ovan angiven adress. Bolaget tillhandah\u00e5ller blankett f\u00f6r fullmakt som kan laddas ned h\u00e4r:<\/p>\n<p><a class=\"button color\" href=\"https:\/\/www.peptonicmedical.se\/wp-content\/uploads\/2022\/04\/Peptonic-Medical_Fullmakt-stamma-2022.pdf\" target=\"_blank\" rel=\"noopener\">Blankett f\u00f6r fullmakt \u00bb<\/a><\/p>\n<h3>Antal aktier och r\u00f6ster<\/h3>\n<p>I Bolaget finns vid tidpunkten f\u00f6r utf\u00e4rdandet av denna kallelse totalt 242 743 544 aktier. Det totala antalet r\u00f6ster uppg\u00e5r till 242 743 544.<\/p>\n<h3>F\u00f6rslag till dagordning<\/h3>\n<ol>\n<li>\u00d6ppnande av st\u00e4mman och val av ordf\u00f6rande vid st\u00e4mman<\/li>\n<li>Uppr\u00e4ttande och godk\u00e4nnande av r\u00f6stl\u00e4ngd<\/li>\n<li>Val av en eller tv\u00e5 justeringsm\u00e4n<\/li>\n<li>Pr\u00f6vning av om st\u00e4mman blivit beh\u00f6rigen sammankallad<\/li>\n<li>Godk\u00e4nnande av dagordning<\/li>\n<li>VD:s anf\u00f6rande<\/li>\n<li>Framl\u00e4ggande av \u00e5rsredovisningen och revisionsber\u00e4ttelsen<\/li>\n<li>Beslut om:<br \/>\na) fastst\u00e4llelse av resultatr\u00e4kningen och balansr\u00e4kningen,<br \/>\nb) dispositioner betr\u00e4ffande Bolagets resultat enligt den fastst\u00e4llda balansr\u00e4kningen, samt<br \/>\nc) ansvarsfrihet gentemot Bolaget f\u00f6r styrelseledam\u00f6terna och den verkst\u00e4llande direkt\u00f6ren<\/li>\n<li>Fastst\u00e4llande av antalet styrelseledam\u00f6ter och styrelsesuppleanter<\/li>\n<li>Fastst\u00e4llande av arvoden till styrelse och revisor<\/li>\n<li>Val av styrelseledam\u00f6ter och eventuella styrelsesuppleanter<\/li>\n<li>Val av revisor<\/li>\n<li>Beslut om \u00e4ndring av bolagsordningen<\/li>\n<li>Beslut om bemyndigande f\u00f6r styrelsen att besluta om emission<\/li>\n<li>Beslut om att \u00e5rsst\u00e4mman beslutar att inr\u00e4tta en valberedning inf\u00f6r \u00e5rsst\u00e4mman 2023<\/li>\n<li>St\u00e4mmans avslutande<\/li>\n<\/ol>\n<h3>F\u00f6rslag till beslut<\/h3>\n<p><strong>Punkt 1 \u2013 Val av ordf\u00f6rande vid st\u00e4mman<\/strong><br \/>\nValberedningen f\u00f6resl\u00e5r att advokat Per Hedman fr\u00e5n Cirio Advokatbyr\u00e5, eller vid dennes f\u00f6rhinder den person som i st\u00e4llet utses av valberedningen, v\u00e4ljs till ordf\u00f6rande vid st\u00e4mman.<\/p>\n<p><strong>Punkt 8b \u2013 Dispositioner betr\u00e4ffande Bolagets resultat enligt den fastst\u00e4llda balansr\u00e4kningen<\/strong><br \/>\nStyrelsen f\u00f6resl\u00e5r att ingen utdelning ska ske samt att resultatet balanseras i ny r\u00e4kning.<\/p>\n<p><strong>Punkt 9-12 \u2013 Fastst\u00e4llande av antalet styrelseledam\u00f6ter och styrelsesuppleanter, fastst\u00e4llande av arvoden till styrelse och revisor, val av styrelseledam\u00f6ter och eventuella styrelsesuppleanter samt val av revisor<\/strong><\/p>\n<ul>\n<li>Valberedningen f\u00f6resl\u00e5r att styrelsen ska best\u00e5 av 4 ledam\u00f6ter utan suppleanter.<\/li>\n<li>Valberedningen f\u00f6resl\u00e5r att styrelsens arvode ska utg\u00e5 med totalt 950 000 kronor (375 000) kronor. Arvode ska utg\u00e5 till styrelsens ordf\u00f6rande med 350 000 kronor och till \u00f6vriga styrelseledam\u00f6ter med 200 000 kronor. Beloppen avser tolv styrelsem\u00f6ten per \u00e5r, 5 000 kronor ska utg\u00e5 till respektive ledamot f\u00f6r varje styrelsem\u00f6te ut\u00f6ver tolv styrelsem\u00f6ten.<\/li>\n<li>Valberedningen f\u00f6resl\u00e5r att arvode till revisorn ska utg\u00e5 enligt godk\u00e4nd r\u00e4kning.<\/li>\n<li>Valberedningen f\u00f6resl\u00e5r att f\u00f6ljande personer v\u00e4ljs till nya styrelseledam\u00f6ter: Jan Bardell, Susanne Axelsson, Lena Munkhammar och Anders Norling. Jan Bardell f\u00f6resl\u00e5s v\u00e4ljas till styrelsens ordf\u00f6rande. Hans von Celsing, Leni Ekendahl, Marianne \u00d6stlund och Anna Tenstam har avb\u00f6jt omval.<br \/>\nInformation om de f\u00f6reslagna ledam\u00f6terna finns p\u00e5 Bolagets hemsida.<\/li>\n<li>Valberedningen f\u00f6resl\u00e5r omval av revisionsbolaget KPMG AB som Bolagets revisor f\u00f6r tiden intill slutet av \u00e5rsst\u00e4mman 2023. KPMG AB har informerat om att den auktoriserade revisorn Emil Andersson, under f\u00f6ruts\u00e4ttning att valberedningens f\u00f6rslag till revisor godk\u00e4nns, kommer att forts\u00e4tta som huvudansvarig.<\/li>\n<\/ul>\n<p><strong>Punkt 13 \u2013 Beslut om \u00e4ndring av bolagsordningen<\/strong><br \/>\nStyrelsen f\u00f6resl\u00e5r att bolagst\u00e4mman beslutar om att \u00e4ndra gr\u00e4nserna f\u00f6r Bolagets aktiekapital och antalet aktier i bolagsordningens \u00a7 4 och 5 enligt f\u00f6ljande:<\/p>\n<table class=\"table\" width=\"100%\" border=\"0\">\n<tbody>\n<tr>\n<th>Nuvarande lydelse<\/th>\n<th>F\u00f6reslagen lydelse<\/th>\n<\/tr>\n<tr>\n<td><em>\u00a7 4 Aktiekapital<\/em><br \/>\nAktiekapitalet ska vara l\u00e4gst 9 000 000 kronor och h\u00f6gst 36 000 000 kronor.<\/td>\n<td><em>\u00a7 4 Aktiekapital<\/em><br \/>\nAktiekapitalet ska vara l\u00e4gst 24 000 000 kronor och h\u00f6gst 96 000 000 kronor.<\/td>\n<\/tr>\n<tr>\n<td><em>\u00a7 5 Antal aktier<\/em><br \/>\nAntalet aktier ska vara l\u00e4gst 90 000 000 stycken och h\u00f6gst 360 000 000 stycken.<\/td>\n<td><em>\u00a7 5 Antal aktier<\/em><br \/>\nAntalet aktier ska vara l\u00e4gst 240 000 000 stycken och h\u00f6gst 960 000 000 stycken.<\/td>\n<\/tr>\n<\/tbody>\n<\/table>\n<p>Ut\u00f6ver \u00e4ndringarna ovan f\u00f6resl\u00e5r styrelsen, till f\u00f6ljd av genomf\u00f6rda lag\u00e4ndringar, att f\u00f6ljande redaktionella \u00e4ndringar g\u00f6rs i bolagsordningens \u00a7 1, 9 och 12:<\/p>\n<table class=\"table\" width=\"100%\" border=\"0\">\n<tbody>\n<tr>\n<th>Nuvarande lydelse<\/th>\n<th>F\u00f6reslagen lydelse<\/th>\n<\/tr>\n<tr>\n<td><em>\u00a7 1 Firma<\/em><br \/>\nAktiebolagets firma \u00e4r PEPTONIC medical AB (publ).<\/td>\n<td><em>\u00a7 1 F\u00f6retagsnamn<\/em><br \/>\nAktiebolagets f\u00f6retagsnamn \u00e4r PEPTONIC medical AB (publ).<\/td>\n<\/tr>\n<tr>\n<td><em>\u00a7 9 F\u00f6ranm\u00e4lan<\/em><br \/>\nAktie\u00e4gare som vill delta i f\u00f6rhandlingarna vid bolagsst\u00e4mma, ska dels vara upptagen i utskrift eller annan framst\u00e4llning av hela aktieboken avseende f\u00f6rh\u00e5llandena fem vardagar f\u00f6re st\u00e4mman, dels g\u00f6ra anm\u00e4lan till bolaget senast kl. 16.00 den dag som anges i kallelsen till st\u00e4mman. Sistn\u00e4mnda dag f\u00e5r inte vara s\u00f6ndag, annan allm\u00e4n helgdag, l\u00f6rdag, midsommarafton, julafton eller ny\u00e5rsafton och inte infalla tidigare \u00e4n femte vardagen f\u00f6re st\u00e4mman. Om kallelsen inte anger n\u00e5gon sista dag f\u00f6r anm\u00e4lan, \u00e4r anm\u00e4lan inget krav f\u00f6r att delta i bolagsst\u00e4mman.<\/td>\n<td><em>\u00a7 9 F\u00f6ranm\u00e4lan<\/em><br \/>\nAktie\u00e4gare som vill delta i f\u00f6rhandlingarna vid bolagsst\u00e4mma, ska dels vara upptagen i aktieboken p\u00e5 s\u00e4tt som f\u00f6reskrivs i aktiebolagslagen (2005:551), dels g\u00f6ra anm\u00e4lan till bolaget senast den dag som anges i kallelsen till st\u00e4mman. Sistn\u00e4mnda dag f\u00e5r inte vara s\u00f6ndag, annan allm\u00e4n helgdag, l\u00f6rdag, midsommarafton, julafton eller ny\u00e5rsafton och inte infalla tidigare \u00e4n femte vardagen f\u00f6re st\u00e4mman. Om kallelsen inte anger n\u00e5gon sista dag f\u00f6r anm\u00e4lan, \u00e4r anm\u00e4lan inget krav f\u00f6r att delta i bolagsst\u00e4mman.<\/td>\n<\/tr>\n<tr>\n<td><em>\u00a7 12 Avst\u00e4mningsf\u00f6rbeh\u00e5ll<\/em><br \/>\nBolagets aktier ska vara registrerade i ett avst\u00e4mningsregister enligt lagen (1998:1479) om kontof\u00f6ring av finansiella instrument. Den aktie\u00e4gare eller f\u00f6rvaltare som p\u00e5 avst\u00e4mningsdagen \u00e4r inf\u00f6rd i aktieboken och antecknad i ett avst\u00e4mningsregister, enligt 4 kap. lagen (1998:1479) om kontof\u00f6ring av finansiella instrument eller den som \u00e4r antecknad p\u00e5 avst\u00e4mningskonto enligt 4 kap. 18 \u00a7 f\u00f6rsta stycket 6-8 n\u00e4mnda lag, ska antas vara beh\u00f6rig att ut\u00f6va de r\u00e4ttigheter som framg\u00e5r av 4 kap. 39 \u00a7 aktiebolagslagen (2005:551).<\/td>\n<td><em>\u00a7 12 Avst\u00e4mningsf\u00f6rbeh\u00e5ll<\/em><br \/>\nBolagets aktier ska vara registrerade i ett avst\u00e4mningsregister enligt lagen (1998:1479) om v\u00e4rdepapperscentraler och kontof\u00f6ring av finansiella instrument. Den aktie\u00e4gare eller f\u00f6rvaltare som p\u00e5 avst\u00e4mningsdagen \u00e4r inf\u00f6rd i aktieboken och antecknad i ett avst\u00e4mningsregister, enligt 4 kap. lagen (1998:1479) om v\u00e4rdepapperscentraler och kontof\u00f6ring av finansiella instrument eller den som \u00e4r antecknad p\u00e5 avst\u00e4mningskonto enligt 4 kap. 18 \u00a7 f\u00f6rsta stycket 6-8 n\u00e4mnda lag, ska antas vara beh\u00f6rig att ut\u00f6va de r\u00e4ttigheter som framg\u00e5r av 4 kap. 39 \u00a7 aktiebolagslagen (2005:551).<\/td>\n<\/tr>\n<\/tbody>\n<\/table>\n<p><strong>Punkt 14 \u2013 Beslut om bemyndigande f\u00f6r styrelsen att fatta beslut om emission<\/strong><br \/>\nStyrelsen f\u00f6resl\u00e5r att st\u00e4mman bemyndigar styrelsen att vid ett eller flera tillf\u00e4llen f\u00f6re n\u00e4sta ordinarie \u00e5rsst\u00e4mma, med eller utan avvikelse fr\u00e5n aktie\u00e4garnas f\u00f6retr\u00e4desr\u00e4tt, besluta om nyemission av aktier, teckningsoptioner och\/eller konvertibler. Nyemission ska kunna ske genom kontant betalning och\/eller med eller utan f\u00f6reskrift om apport, kvittning eller annat villkor som avses i 13 kap 5 \u00a7 f\u00f6rsta stycket 6 aktiebolagslagen. Syftet med bemyndigandet \u00e4r att ge styrelsen \u00f6kade m\u00f6jligheter i arbetet med att s\u00e4kerst\u00e4lla att Bolaget p\u00e5 ett \u00e4ndam\u00e5lsenligt s\u00e4tt kan tillf\u00f6ras kapital och f\u00f6rv\u00e4rva bolag, verksamheter och andra tillg\u00e5ngar.<\/p>\n<p><strong>Punkt 15 \u2013 Beslut om att \u00e5rsst\u00e4mman beslutar att inr\u00e4tta en valberedning inf\u00f6r \u00e5rsst\u00e4mman 2023<\/strong><br \/>\nValberedningen f\u00f6resl\u00e5r att \u00e5rsst\u00e4mman beslutar att inr\u00e4tta en valberedning inf\u00f6r \u00e5rsst\u00e4mman 2023 som utses enligt f\u00f6ljande principer.<\/p>\n<p>St\u00e4mman uppdrar \u00e5t styrelsens ordf\u00f6rande att ta kontakt med de tre r\u00f6stm\u00e4ssigt st\u00f6rsta aktie\u00e4garna enligt Euroclear Sweden ABs utskrift av aktieboken per den 30 september 2022, som vardera utser en ledamot av valberedningen. F\u00f6r det fall n\u00e5gon av de tre st\u00f6rsta aktie\u00e4garna inte \u00f6nskar utse en ledamot av valberedningen ska den fj\u00e4rde st\u00f6rsta aktie\u00e4garen tillfr\u00e5gas och s\u00e5 vidare intill dess att valberedningen best\u00e5r av tre ledam\u00f6ter. Valberedningens ledam\u00f6ter ska offentligg\u00f6ras p\u00e5 Bolagets hemsida senast sex m\u00e5nader f\u00f6re n\u00e4sta \u00e5rsst\u00e4mma.<\/p>\n<p>Mandatperioden f\u00f6r den utsedda valberedningen ska l\u00f6pa intill dess att ny valberedning utsetts enligt mandat fr\u00e5n n\u00e4sta \u00e5rsst\u00e4mma.<\/p>\n<p>Valberedningen utser ordf\u00f6rande inom gruppen. Styrelseordf\u00f6randen eller annan styrelseledamot ska inte vara ordf\u00f6rande f\u00f6r valberedningen.<\/p>\n<p>Om en ledamot l\u00e4mnar valberedningen innan dess arbete \u00e4r slutf\u00f6rt och om valberedningen anser att det finns behov av att ers\u00e4tta denna ledamot, ska valberedningen utse ny ledamot enligt principerna ovan, men med utg\u00e5ngspunkt i de d\u00e5 g\u00e4llande \u00e4gandef\u00f6rh\u00e5llandena. \u00c4ndring i valberedningens sammans\u00e4ttning ska offentligg\u00f6ras.<\/p>\n<p>Inget arvode ska utg\u00e5 till ledam\u00f6terna f\u00f6r deras arbete i valberedningen. Valberedningen ska l\u00e4gga fram f\u00f6rslag till beslut i f\u00f6ljande fr\u00e5gor f\u00f6r \u00e5rsst\u00e4mman 2023:<\/p>\n<p>a) Val av ordf\u00f6rande vid st\u00e4mman.<br \/>\nb) Fastst\u00e4llande av antal styrelseledam\u00f6ter.<br \/>\nc) Fastst\u00e4llande av arvoden och annan ers\u00e4ttning till styrelsen och dess utskott, med uppdelning mellan ordf\u00f6rande och \u00f6vriga ledam\u00f6ter.<br \/>\nd) Fastst\u00e4llande av arvoden till revisorer.<br \/>\ne) Val av styrelseledam\u00f6ter och styrelseordf\u00f6rande.<br \/>\nf) Val av revisorer.<br \/>\ng) F\u00f6rslag till principer f\u00f6r valberedningens sammans\u00e4ttning och arbete inf\u00f6r \u00e5rsst\u00e4mman 2024.<\/p>\n<h3>Majoritetskrav<\/h3>\n<p>Beslut enligt punkt 13 och 14 ovan f\u00f6ruts\u00e4tter f\u00f6r sin giltighet bitr\u00e4de av aktie\u00e4gare med minst tv\u00e5 tredjedelar av s\u00e5v\u00e4l de avgivna r\u00f6sterna som de vid st\u00e4mman f\u00f6retr\u00e4dda aktierna.<\/p>\n<h3>Upplysningar p\u00e5 \u00e5rsst\u00e4mman<\/h3>\n<p>Styrelsen och verkst\u00e4llande direkt\u00f6ren ska, om n\u00e5gon aktie\u00e4gare beg\u00e4r det och styrelsen anser att det kan ske utan v\u00e4sentlig skada f\u00f6r Bolaget, l\u00e4mna upplysningar om f\u00f6rh\u00e5llanden som kan inverka p\u00e5 bed\u00f6mningen av ett \u00e4rende p\u00e5 dagordningen, f\u00f6rh\u00e5llanden som kan inverka p\u00e5 bed\u00f6mningen av Bolagets eller dess dotterbolags ekonomiska situation eller Bolagets f\u00f6rh\u00e5llande till annat koncernbolag.<\/p>\n<h3>Tillhandah\u00e5llande av handlingar<\/h3>\n<p>Redovisningshandlingar och revisionsber\u00e4ttelse och fullmaktsformul\u00e4r kommer att h\u00e5llas tillg\u00e4ngliga p\u00e5 Bolagets kontor med adress Gustavlundsv\u00e4gen 143, 167 51 Bromma och p\u00e5 Bolagets hemsida senast tre veckor f\u00f6re st\u00e4mman, dvs. senast den 3 maj 2022. Styrelsens fullst\u00e4ndiga f\u00f6rslag enligt punkterna 13 och 14 ovan kommer att finnas tillg\u00e4ngligt p\u00e5 samma s\u00e4tt senast tv\u00e5 veckor f\u00f6re st\u00e4mman, dvs. senast den 10 maj 2022. Valberedningens fullst\u00e4ndiga f\u00f6rslag finns tillg\u00e4ngligt p\u00e5 Bolagets hemsida. Handlingarna skickas ocks\u00e5 utan kostnad till de aktie\u00e4gare som beg\u00e4r det och som uppger sin postadress\/e-post. Handlingarna kommer att finnas tillg\u00e4ngliga vid \u00e5rsst\u00e4mman.<\/p>\n<h3>Hantering av personuppgifter<\/h3>\n<p>F\u00f6r information om hur personuppgifter behandlas i samband med bolagsst\u00e4mman h\u00e4nvisas till den integritetspolicy som finns tillg\u00e4nglig p\u00e5 Euroclear Sweden AB:s hemsida:<\/p>\n<p><a href=\"https:\/\/www.euroclear.com\/dam\/ESw\/Legal\/Integritetspolicy- bolagsstammor-svenska.pdf\" target=\"_blank\" rel=\"noopener\">Integritetspolicy Euroclear Sweden AB \u00bb<\/a><\/p>\n<p>Uppsala i april 2022<br \/>\nPEPTONIC medical AB (publ)<\/p>\n","protected":false},"excerpt":{"rendered":"<p>Aktie\u00e4garna i PEPTONIC medical AB (publ), org.nr 556776-3064 (\u201dBolaget\u201d) kallas h\u00e4rmed till \u00e5rsst\u00e4mma tisdagen den 24 maj 2022 kl.15.00 i Alviksstrand konferens (lokal Stora Essingen), Gustavslundsv\u00e4gen 141 a, 167 51 Bromma. Anm\u00e4lan med mera Aktie\u00e4gare som \u00f6nskar delta i \u00e5rsst\u00e4mman ska: dels vara inf\u00f6rd i den av Euroclear Sweden AB f\u00f6rda aktieboken m\u00e5ndagen den 16 [&hellip;]<\/p>\n","protected":false},"author":1,"featured_media":0,"parent":9,"menu_order":5,"comment_status":"closed","ping_status":"closed","template":"","meta":[],"_links":{"self":[{"href":"https:\/\/www.peptonicmedical.se\/en\/wp-json\/wp\/v2\/pages\/2719"}],"collection":[{"href":"https:\/\/www.peptonicmedical.se\/en\/wp-json\/wp\/v2\/pages"}],"about":[{"href":"https:\/\/www.peptonicmedical.se\/en\/wp-json\/wp\/v2\/types\/page"}],"author":[{"embeddable":true,"href":"https:\/\/www.peptonicmedical.se\/en\/wp-json\/wp\/v2\/users\/1"}],"replies":[{"embeddable":true,"href":"https:\/\/www.peptonicmedical.se\/en\/wp-json\/wp\/v2\/comments?post=2719"}],"version-history":[{"count":34,"href":"https:\/\/www.peptonicmedical.se\/en\/wp-json\/wp\/v2\/pages\/2719\/revisions"}],"predecessor-version":[{"id":2787,"href":"https:\/\/www.peptonicmedical.se\/en\/wp-json\/wp\/v2\/pages\/2719\/revisions\/2787"}],"up":[{"embeddable":true,"href":"https:\/\/www.peptonicmedical.se\/en\/wp-json\/wp\/v2\/pages\/9"}],"wp:attachment":[{"href":"https:\/\/www.peptonicmedical.se\/en\/wp-json\/wp\/v2\/media?parent=2719"}],"curies":[{"name":"wp","href":"https:\/\/api.w.org\/{rel}","templated":true}]}}