{"id":1888,"date":"2019-05-29T08:26:40","date_gmt":"2019-05-29T08:26:40","guid":{"rendered":"http:\/\/www.peptonicmedical.se\/?page_id=1888"},"modified":"2022-11-10T09:36:39","modified_gmt":"2022-11-10T09:36:39","slug":"foretradesemission-mars-2022","status":"publish","type":"page","link":"https:\/\/www.peptonicmedical.se\/en\/investors-old\/foretradesemission-mars-2022\/","title":{"rendered":"F\u00f6retr\u00e4desemission i PEPTONIC medical AB under mars 2022"},"content":{"rendered":"\r\n<p class=\"intro\">PEPTONIC medical AB (publ) har beslutat att genomf\u00f6ra en f\u00f6retr\u00e4desemission d\u00e4r du som aktie\u00e4gare har f\u00f6retr\u00e4desr\u00e4tt att delta. Anm\u00e4lan om teckning ska ske under perioden 4-18 mars 2022.<\/p>\r\n\r\n\r\n\r\n<p><strong>Observera: <\/strong>Den som varken tecknar nya aktier eller s\u00e4ljer sina teckningsr\u00e4tter kommer att f\u00f6rlora det v\u00e4rde teckningsr\u00e4tterna b\u00e4r. Det \u00e4r d\u00e4rf\u00f6r viktigt att antingen teckna nya aktier innan den 18 mars 2022 eller att s\u00e4lja sina teckningsr\u00e4tter innan den 15 mars 2022.<\/p>\r\n\r\n\r\n\r\n<h3>Prospekt, informationsfolder, anm\u00e4lningssedel och villkor:<\/h3>\r\n\r\n\r\n\r\n<ul>\r\n<li><a href=\"https:\/\/www.peptonicmedical.se\/wp-content\/uploads\/2022\/03\/PepMed_Foretradesemission-2022_Prospekt.pdf\">Komplett prospekt med inbjudan till teckning av units \u00bb<\/a><\/li>\r\n<li><a href=\"https:\/\/www.peptonicmedical.se\/wp-content\/uploads\/2022\/03\/PepMed_Foretradesemission-2022_Informationsfolder.pdf\">Informationsfolder med f\u00f6renklad beskrivning av f\u00f6retr\u00e4desemissionen \u00bb<\/a><\/li>\r\n<li><a href=\"https:\/\/www.peptonicmedical.se\/wp-content\/uploads\/2022\/03\/PepMed_Foretradesemission-2022_Anmalningssedel-utan-foretrade.pdf\">Anm\u00e4lningssedel utan f\u00f6retr\u00e4desr\u00e4tt \u00bb<\/a><\/li>\r\n<li><a href=\"https:\/\/www.peptonicmedical.se\/wp-content\/uploads\/2022\/03\/PepMed_Foretradesemission-2022_Villkor-for-teckningsoptioner.pdf\">Villkor f\u00f6r teckningsoptioner \u00bb<\/a><\/li>\r\n<\/ul>\r\n\r\n\r\n\r\n<h3>Erbjudandet i sammandrag<\/h3>\r\n\r\n\r\n\r\n<p><strong>F\u00f6retr\u00e4desr\u00e4tt<\/strong>: Nio (9) innehavda aktier ger r\u00e4tt att teckna en (1) Unit best\u00e5ende av tre (3) aktier och tv\u00e5 (2) vederlagsfria teckningsoptioner av serie TO1. Teckningskursen per Unit uppg\u00e5r till 1,98 SEK motsvarande en teckningskurs om 0,66 SEK per aktie.<\/p>\r\n\r\n\r\n\r\n<ul>\r\n<li><strong>Erbjudandepriset:<\/strong>\u00a0Teckningskurs f\u00f6r en (1) Unit uppg\u00e5r till 1,98 SEK, motsvarande en teckningskurs om 0,66 SEK per aktie. De vidh\u00e4ngande teckningsoptionerna utges vederlagsfritt. Courtage utg\u00e5r ej.<\/li>\r\n<li><strong>Avst\u00e4mningsdag:\u00a0<\/strong>2 mars 2022<\/li>\r\n<li><strong>Teckningsperiod:<\/strong>\u00a04-18 mars 2022<\/li>\r\n<li><strong>Sista dag f\u00f6r handel i unitr\u00e4tter:\u00a0<\/strong>15 mars 2022<\/li>\r\n<li><strong>Offentligg\u00f6rande av finalt utfall:<\/strong>\u00a023 mars 2022<\/li>\r\n<\/ul>\r\n\r\n\r\n\r\n<h3>H\u00e4r kan du teckna units<\/h3>\r\n\r\n\r\n\r\n<ul>\r\n<li><a href=\"https:\/\/partner-application.web.verified.eu\/?company=Peptonic_Medical_anmalan\" target=\"_blank\" rel=\"noreferrer noopener\">Teckning med BankID<\/a><\/li>\r\n<li><a href=\"https:\/\/www.avanza.se\/min-profil\/mina-uppgifter\/erbjudanden\/erbjudande.1646317951046.html\" target=\"_blank\" rel=\"noreferrer noopener\">Teckning via Avanza<\/a><\/li>\r\n<li><a href=\"https:\/\/www.nordnet.se\/foretagshandelser\/grupp\/128722\" target=\"_blank\" rel=\"noreferrer noopener\">Teckning via Nordnet<\/a><\/li>\r\n<\/ul>\r\n\r\n\r\n\r\n<p><br \/><strong>F\u00f6r mer information, kontakta:<\/strong><br \/>Erik Sundquist, VD<br \/>Telefon: +46 722 499 043<br \/>E-post: <a href=\"mailto:erik.sundquist@peptonicmedical.se\">erik.sundquist@peptonicmedical.se<\/a><\/p>\r\n\r\n\r\n<hr class=\"wp-block-separator is-style-wide\" \/>\r\n\r\n\r\n<h3>Om Peptonic Medical<\/h3>\r\n\r\n\r\n\r\n<p>Peptonic Medical AB (publ) \u00e4r ett innovativt biomedicinskt f\u00f6retag som bedriver forskning, utveckling och f\u00f6rs\u00e4ljning av medicintekniska behandlingar och livsstilsprodukter inom omr\u00e5det kvinnoh\u00e4lsa. Peptonic lanserade f\u00f6rsta produkten, VagiVital\u00ae\ufe0f AktivGel, mot vaginal atrofi, i juli 2018. I april 2021 lanserades VagiVital\u00ae\ufe0f Moisturizing V Cleanser, en \u00e5terfuktande och f\u00f6rebyggande intimtv\u00e4tt. Bolaget grundades 2009 och aktien handlas sedan 2014 p\u00e5 Spotlight (www.spotlightstockmarket.com) i Stockholm.<\/p>\r\n\r\n\r\n\r\n<p>Sedan augusti 2020 ing\u00e5r Lune Group Oy Ltd. som ett hel\u00e4gt dotterbolag i Peptonic Medical. Bolaget grundades 2005 med aff\u00e4rsid\u00e9n att leda en l\u00e4ttsam mensrevolution i en positiv anda via patenterade menskoppar. Bolaget utvecklas nu till att g\u00e5 i t\u00e4ten inom h\u00e5llbart, intimt v\u00e4lm\u00e5ende.<\/p>\r\n\r\n\r\n\r\n<p>I oktober 2021 f\u00f6rv\u00e4rvades samtliga tillg\u00e5ngar fr\u00e5n det israeliska bolaget Common Sense Ltd. Common Sense har utvecklat unika och patenterade sj\u00e4lvtester som med h\u00f6g precision diagnosticerar bakteriell vaginos respektive fostervattenavg\u00e5ng.<\/p>\r\n","protected":false},"excerpt":{"rendered":"<p>PEPTONIC medical AB (publ) har beslutat att genomf\u00f6ra en f\u00f6retr\u00e4desemission d\u00e4r du som aktie\u00e4gare har f\u00f6retr\u00e4desr\u00e4tt att delta. Anm\u00e4lan om teckning ska ske under perioden 4-18 mars 2022. Observera: Den som varken tecknar nya aktier eller s\u00e4ljer sina teckningsr\u00e4tter kommer att f\u00f6rlora det v\u00e4rde teckningsr\u00e4tterna b\u00e4r. Det \u00e4r d\u00e4rf\u00f6r viktigt att antingen teckna nya aktier [&hellip;]<\/p>\n","protected":false},"author":1,"featured_media":0,"parent":9,"menu_order":4,"comment_status":"closed","ping_status":"closed","template":"","meta":[],"_links":{"self":[{"href":"https:\/\/www.peptonicmedical.se\/en\/wp-json\/wp\/v2\/pages\/1888"}],"collection":[{"href":"https:\/\/www.peptonicmedical.se\/en\/wp-json\/wp\/v2\/pages"}],"about":[{"href":"https:\/\/www.peptonicmedical.se\/en\/wp-json\/wp\/v2\/types\/page"}],"author":[{"embeddable":true,"href":"https:\/\/www.peptonicmedical.se\/en\/wp-json\/wp\/v2\/users\/1"}],"replies":[{"embeddable":true,"href":"https:\/\/www.peptonicmedical.se\/en\/wp-json\/wp\/v2\/comments?post=1888"}],"version-history":[{"count":13,"href":"https:\/\/www.peptonicmedical.se\/en\/wp-json\/wp\/v2\/pages\/1888\/revisions"}],"predecessor-version":[{"id":4186,"href":"https:\/\/www.peptonicmedical.se\/en\/wp-json\/wp\/v2\/pages\/1888\/revisions\/4186"}],"up":[{"embeddable":true,"href":"https:\/\/www.peptonicmedical.se\/en\/wp-json\/wp\/v2\/pages\/9"}],"wp:attachment":[{"href":"https:\/\/www.peptonicmedical.se\/en\/wp-json\/wp\/v2\/media?parent=1888"}],"curies":[{"name":"wp","href":"https:\/\/api.w.org\/{rel}","templated":true}]}}