{"id":1670,"date":"2018-05-31T04:36:04","date_gmt":"2018-05-31T04:36:04","guid":{"rendered":"http:\/\/www.peptonicmedical.se\/?page_id=1670"},"modified":"2023-12-20T14:12:05","modified_gmt":"2023-12-20T14:12:05","slug":"dataskyddspolicy","status":"publish","type":"page","link":"https:\/\/www.peptonicmedical.se\/en\/dataskyddspolicy\/","title":{"rendered":"Dataskyddspolicy"},"content":{"rendered":"<p class=\"intro\">Det \u00e4r viktigt f\u00f6r oss att du ska k\u00e4nna dig trygg med hur vi hanterar dina personuppgifter. Peptonic (Peptonic Medical AB) vidtar \u00e5tg\u00e4rder f\u00f6r att s\u00e4kerst\u00e4lla att dina uppgifter \u00e4r skyddade och att behandlingen sker i enlighet med g\u00e4llande dataskyddsregler och v\u00e5ra interna riktlinjer och rutiner.<\/p>\n<p>Peptonic Medical AB, 556776-3064, (Peptonic) \u00e4r personuppgiftsansvarig f\u00f6r behandlingen av dina personuppgifter, om inget annat anges.<\/p>\n<p>P\u00e5 denna sida beskriver vi hur vi samlar in, behandlar och delar med oss av de personuppgifter som vi sparar hos oss. Med personuppgifter avses all information som kan anv\u00e4ndas f\u00f6r att identifiera en enskild person.<\/p>\n<h3>Varf\u00f6r behandlar vi personuppgifter?<\/h3>\n<p>Peptonic behandlar personuppgifter f\u00f6r att kunna hantera k\u00f6p av produkter\/tj\u00e4nster, t ex genom att teckna avtal, skicka bekr\u00e4ftelser, fakturera samt f\u00f6lja upp aff\u00e4rer och s\u00e4kerst\u00e4lla att vi levererat enligt \u00f6verenskommelse. Vidare f\u00f6r att kunna ge bland annat kunder och aktie\u00e4gare information som de har beg\u00e4rt att f\u00e5 fr\u00e5n oss vid ett tillf\u00e4lle eller kontinuerligt.<\/p>\n<h3>Var vi behandlar personuppgifter<\/h3>\n<p>Vi str\u00e4var alltid efter att spara personuppgifter inom EU. Vissa av v\u00e5ra tj\u00e4nsteleverant\u00f6rer finns dock utanf\u00f6r EU och i dessa fall behandlas personuppgifter utanf\u00f6r EU\/EES-omr\u00e5det. F\u00f6r att s\u00e4kerst\u00e4lla att personuppgifterna \u00e4r skyddade ser Peptonic till att det finns l\u00e4mpliga skydds\u00e5tg\u00e4rder p\u00e5 plats med samtliga tj\u00e4nsteleverant\u00f6rer som hanterar dina personuppgifter utanf\u00f6r EU\/EES-omr\u00e5det, t.ex. data\u00f6verf\u00f6ringsavtal (som inkluderar EU-kommissionens standardiserade dataskyddsbest\u00e4mmelser, s.k. modellklausuler) eller, vid \u00f6verf\u00f6ring till USA, att leverant\u00f6ren \u00e4r certifierad enligt det s.k.\u00a0Privacy Shield-ramverket. Fr\u00e5n och med den 25 maj 2018 har du r\u00e4tt att, p\u00e5 beg\u00e4ran, f\u00e5 information om till vilka l\u00e4nder utanf\u00f6r EU\/EES-omr\u00e5det som dina personuppgifter \u00f6verf\u00f6rs och vilka skydds\u00e5tg\u00e4rder som Peptonic har vidtagit.<\/p>\n<h3>Vi kan uppdatera denna information<\/h3>\n<p>Vi kan komma att uppdatera denna informationstext, t.ex. om vi skulle behandla uppgifter f\u00f6r nya \u00e4ndam\u00e5l, samla in ytterligare uppgifter eller dela uppgifter med andra mottagare I s\u00e5dant fall kommer vi att meddela dig p\u00e5 l\u00e4mpligt s\u00e4tt. Den senaste versionen av informationen finns alltid publicerad h\u00e4r p\u00e5 www.peptonicmedical.se.<\/p>\n<h3>Dina r\u00e4ttigheter<\/h3>\n<p>Dataskyddslagstiftningen ger dig ett antal r\u00e4ttigheter i f\u00f6rh\u00e5llande till behandlingen av dina personuppgifter. Vissa r\u00e4ttigheter, t.ex. r\u00e4tten till dataportabilitet, g\u00e4ller f\u00f6rst fr\u00e5n och med den 25 maj 2018. Peptonic behandlar dina personuppgifter i den utstr\u00e4ckning det \u00e4r n\u00f6dv\u00e4ndigt f\u00f6r att uppfylla dina r\u00e4ttigheter.<\/p>\n<p><strong>Du har r\u00e4tt att:<\/strong><\/p>\n<ul>\n<li><em>Beg\u00e4ra tillg\u00e5ng<\/em> (s.k. registerutdrag)<br \/>\nDu har r\u00e4tt att beg\u00e4ra att f\u00e5 en bekr\u00e4ftelse fr\u00e5n oss om vi behandlar personuppgifter som r\u00f6r dig, samt i s\u00e5dant fall beg\u00e4ra tillg\u00e5ng till de personuppgifter som vi behandlar om dig, ett s.k. registerutdrag.<\/li>\n<li><em>Beg\u00e4ra r\u00e4ttelse<\/em><br \/>\nVidare har du, om du anser att en uppgift om dig \u00e4r felaktig eller ofullst\u00e4ndig, r\u00e4tt att beg\u00e4ra att uppgiften r\u00e4ttas.<\/li>\n<li><em>\u00c5terkalla samtycke med framtida verkan<\/em><br \/>\nI den utstr\u00e4ckning som vi behandlar dina personuppgifter med st\u00f6d av ditt samtycke har du r\u00e4tt att, n\u00e4r som helst, \u00e5terkalla ditt samtycke till behandlingen med framtida verkan. Det betyder att om du \u00e5terkallar ditt samtycke har vi r\u00e4tt att forts\u00e4tta behandla redan insamlade personuppgifter om det finns lagligt st\u00f6d f\u00f6r detta.<\/li>\n<li><em>Mots\u00e4tta dig behandling som st\u00f6djer sig p\u00e5 v\u00e5rt ber\u00e4ttigade intresse<\/em><br \/>\nDu har r\u00e4tt att mots\u00e4tta dig behandlingar som st\u00f6djer sig p\u00e5 ett ber\u00e4ttigat intresse som vi har om du har personliga sk\u00e4l som r\u00f6r situationen. Vi f\u00e5r dock forts\u00e4tta att behandla dina uppgifter, trots att du har motsatt dig behandlingen, om vi har tvingande ber\u00e4ttigade sk\u00e4l f\u00f6r behandlingen som \u00f6verv\u00e4ger ditt integritetsintresse.<\/li>\n<li><em>Beg\u00e4ra radering<\/em><br \/>\nUnder vissa omst\u00e4ndigheter har du r\u00e4tt att f\u00e5 dina personuppgifter raderade. Detta g\u00e4ller dock inte om vi exempelvis \u00e4r skyldiga enligt lag att bevara uppgifterna.<\/li>\n<li><em>Beg\u00e4ra begr\u00e4nsning av behandling<\/em><br \/>\nDu har \u00e4ven r\u00e4tt att under vissa omst\u00e4ndigheter beg\u00e4ra att behandlingen av dina personuppgifter begr\u00e4nsas. Om behandlingen har begr\u00e4nsats f\u00e5r vi endast, ut\u00f6ver lagra uppgifterna, behandla dem med st\u00f6d av ditt samtycke, f\u00f6r att vi ska kunna fastst\u00e4lla, g\u00f6ra g\u00e4llande eller f\u00f6rsvara r\u00e4ttsliga anspr\u00e5k eller f\u00f6r att skydda n\u00e5gon annans r\u00e4ttigheter.<\/li>\n<li><em>Flytta din data<\/em> (dataportabilitet)<br \/>\nSlutligen har du r\u00e4tt att f\u00e5 en kopia p\u00e5 de personuppgifter som r\u00f6r dig i ett strukturerat format (dataportabilitet). R\u00e4tten till dataportabilitet, till skillnad fr\u00e5n r\u00e4tten till registerutdrag, omfattar endast uppgifter som du sj\u00e4lv har tillhandah\u00e5llit oss och som vi behandlar med st\u00f6d av vissa lagliga grunder, t.ex. ditt samtycke.<\/li>\n<\/ul>\n<h3>Kontakt<\/h3>\n<p>Om du har n\u00e5gra fr\u00e5gor om behandlingen av dina personuppgifter \u00e4r du v\u00e4lkommen att kontakta Peptonic. Se nedan f\u00f6r kontaktuppgifter. Om du inte \u00e4r n\u00f6jd med det svar du har f\u00e5tt har du r\u00e4tt att l\u00e4mna in klagom\u00e5l till tillsynsmyndigheten (Datainspektionen).<\/p>\n<p>Peptonic Medical AB<br \/>\n556776-3064<br \/>\nF\u00e4r\u00f6v\u00e4gen 33<br \/>\n164 53, Kista<\/p>\n<p>E-post:\u00a0<a href=\"mailto:info@peptonicmedical.se\">info@peptonicmedical.se<\/a><\/p>\n","protected":false},"excerpt":{"rendered":"<p>Det \u00e4r viktigt f\u00f6r oss att du ska k\u00e4nna dig trygg med hur vi hanterar dina personuppgifter. Peptonic (Peptonic Medical AB) vidtar \u00e5tg\u00e4rder f\u00f6r att s\u00e4kerst\u00e4lla att dina uppgifter \u00e4r skyddade och att behandlingen sker i enlighet med g\u00e4llande dataskyddsregler och v\u00e5ra interna riktlinjer och rutiner. Peptonic Medical AB, 556776-3064, (Peptonic) \u00e4r personuppgiftsansvarig f\u00f6r behandlingen [&hellip;]<\/p>\n","protected":false},"author":1,"featured_media":0,"parent":0,"menu_order":60,"comment_status":"closed","ping_status":"closed","template":"","meta":[],"_links":{"self":[{"href":"https:\/\/www.peptonicmedical.se\/en\/wp-json\/wp\/v2\/pages\/1670"}],"collection":[{"href":"https:\/\/www.peptonicmedical.se\/en\/wp-json\/wp\/v2\/pages"}],"about":[{"href":"https:\/\/www.peptonicmedical.se\/en\/wp-json\/wp\/v2\/types\/page"}],"author":[{"embeddable":true,"href":"https:\/\/www.peptonicmedical.se\/en\/wp-json\/wp\/v2\/users\/1"}],"replies":[{"embeddable":true,"href":"https:\/\/www.peptonicmedical.se\/en\/wp-json\/wp\/v2\/comments?post=1670"}],"version-history":[{"count":3,"href":"https:\/\/www.peptonicmedical.se\/en\/wp-json\/wp\/v2\/pages\/1670\/revisions"}],"predecessor-version":[{"id":7167,"href":"https:\/\/www.peptonicmedical.se\/en\/wp-json\/wp\/v2\/pages\/1670\/revisions\/7167"}],"wp:attachment":[{"href":"https:\/\/www.peptonicmedical.se\/en\/wp-json\/wp\/v2\/media?parent=1670"}],"curies":[{"name":"wp","href":"https:\/\/api.w.org\/{rel}","templated":true}]}}