{"id":1355,"date":"2019-05-20T09:13:30","date_gmt":"2019-05-20T09:13:30","guid":{"rendered":"http:\/\/www.peptonicmedical.se\/?page_id=1355"},"modified":"2022-04-22T12:05:07","modified_gmt":"2022-04-22T12:05:07","slug":"arsstamma-2021","status":"publish","type":"page","link":"https:\/\/www.peptonicmedical.se\/en\/investors-old\/arsstamma-2021\/","title":{"rendered":"\u00c5rsst\u00e4mma 2021"},"content":{"rendered":"<section class=\"wpb-content-wrapper\"><p>[vc_row][vc_column][vc_column_text]<span class=\"intro\">Aktie\u00e4garna i PEPTONIC medical AB (publ), org.nr 556776-3064 (\u201dBolaget\u201d), kallas h\u00e4rmed till \u00e5rsst\u00e4mma torsdagen den 27 maj 2021. Mot bakgrund av risken f\u00f6r spridning av Covid-19 och myndigheternas f\u00f6reskrifter\/r\u00e5d om undvikande av sammankomster har styrelsen beslutat att bolagsst\u00e4mman ska genomf\u00f6ras utan fysisk n\u00e4rvaro genom att aktie\u00e4gare ut\u00f6var sin r\u00f6str\u00e4tt endast genom postr\u00f6stning. N\u00e5gon fysisk sammankomst kommer s\u00e5ledes inte att h\u00e5llas.<br \/>\n<\/span><\/p>\n<h3>Anm\u00e4lan<\/h3>\n<p>Aktie\u00e4gare som \u00f6nskar delta i \u00e5rsst\u00e4mman m\u00e5ste:<\/p>\n<ul>\n<li>dels vara registrerad i eget namn (inte f\u00f6rvaltarregistrerad) i den av Euroclear Sweden AB f\u00f6rda aktieboken onsdagen den 19 maj 2021,<\/li>\n<li>dels anm\u00e4la sig till Bolaget genom att avge sin postr\u00f6st i enlighet med anvisningarna nedan, s\u00e5 att anm\u00e4lan och postr\u00f6sten \u00e4r Bolaget till handa senast onsdagen den 26 maj 2021.<\/li>\n<\/ul>\n<h3>F\u00f6rvaltarregistrerade aktier<\/h3>\n<p>Aktie\u00e4gare som l\u00e5tit f\u00f6rvaltarregistrera sina aktier m\u00e5ste, f\u00f6r att f\u00e5 ut\u00f6va sin r\u00f6str\u00e4tt och delta i st\u00e4mman, dels anm\u00e4la sig till st\u00e4mman, dels tillf\u00e4lligt inregistrera aktierna i eget namn hos Euroclear Sweden (s\u00e5 kallad r\u00f6str\u00e4ttsregistrering), s\u00e5 att vederb\u00f6rande \u00e4r inf\u00f6rd i den av Euroclear Sweden f\u00f6rda aktieboken per avst\u00e4mningsdagen, dvs onsdagen den 19 maj 2021. Detta inneb\u00e4r att aktie\u00e4gare i god tid f\u00f6re denna dag beh\u00f6ver meddela sin \u00f6nskan h\u00e4rom till f\u00f6rvaltaren. R\u00f6str\u00e4ttsregistrering som av aktie\u00e4gare har beg\u00e4rts i s\u00e5dan tid att registreringen har gjorts av relevant f\u00f6rvaltare senast fredagen den 21 maj 2021 kommer att beaktas vid uppr\u00e4ttande av r\u00f6stl\u00e4ngd p\u00e5 st\u00e4mman. Sker omregistrering inte i tid har aktie\u00e4gare inte r\u00e4tt att postr\u00f6sta.<\/p>\n<h3>Postomr\u00f6stning med anledning av Covid-19<\/h3>\n<p>Aktie\u00e4gare ut\u00f6var sin r\u00f6str\u00e4tt vid st\u00e4mman enbart genom att r\u00f6sta p\u00e5 f\u00f6rhand, s.k. postr\u00f6stning, enligt 22 \u00a7 lagen (2020:198) om tillf\u00e4lliga undantag f\u00f6r att underl\u00e4tta genomf\u00f6randet av bolags- och f\u00f6reningsst\u00e4mmor. Vid postr\u00f6stning ska ett s\u00e4rskilt formul\u00e4r anv\u00e4ndas. Formul\u00e4ret kommer att finnas tillg\u00e4ngligt h\u00e4r p\u00e5 Bolagets webbplats (www.peptonicmedical.se) och hos Bolaget s\u00e5 snart som m\u00f6jligt efter denna kallelse, dock senast den 19 maj 2021. Postr\u00f6stningen kommer s\u00e5ledes att p\u00e5b\u00f6rjas s\u00e5 snart formul\u00e4ret finns tillg\u00e4ngligt. N\u00e5gon separat anm\u00e4lan ska s\u00e5ledes inte g\u00f6ras, utan det ifyllda och underskrivna formul\u00e4ret g\u00e4ller som anm\u00e4lan till st\u00e4mman.<\/p>\n<p>Det ifyllda formul\u00e4ret ska skickas till Bolagets ombud via e-post till <a href=\"mailto:amanda.sjoberg@lindahl.se\">amanda.sjoberg@lindahl.se<\/a> eller med vanlig post till Advokatfirman Lindahl KB, Box 1203, 751 42 Uppsala. M\u00e4rk g\u00e4rna kuvertet med \u201d\u00c5rsst\u00e4mma 2021 PEPTONIC medical AB\u201d. F\u00f6r att g\u00e4lla som anm\u00e4lan m\u00e5ste det ifyllda formul\u00e4ret vara Bolaget tillhanda senast onsdagen den 26 maj 2021. Om aktie\u00e4garen \u00e4r en juridisk person ska registreringsbevis eller annan beh\u00f6righetshandling bil\u00e4ggas formul\u00e4ret. Om aktie\u00e4garen vill f\u00f6rhandsr\u00f6sta genom ombud, dvs. att ett befullm\u00e4ktigat ombud fyller i och s\u00e4nder postr\u00f6stningsformul\u00e4ret till Bolaget p\u00e5 uppdrag av aktie\u00e4garen, ska vidare anvisningarna under punkt \u201dOmbud\u201d nedan iakttas.<\/p>\n<p>Aktie\u00e4garen f\u00e5r inte f\u00f6rse r\u00f6sten eller f\u00f6rhandsr\u00f6sten med s\u00e4rskilda instruktioner eller villkor. Om s\u00e5 sker \u00e4r hela postr\u00f6stningsformul\u00e4ret ogiltigt. Ytterligare anvisningar framg\u00e5r av formul\u00e4ret.<\/p>\n<p>Information om de vid bolagsst\u00e4mman fattade besluten kommer att offentligg\u00f6ras den 27 maj 2021, s\u00e5 snart utfallet av r\u00f6stningen \u00e4r slutligt sammanst\u00e4llt.<\/p>\n<p><a class=\"button color\" href=\"https:\/\/www.peptonicmedical.se\/wp-content\/uploads\/2021\/05\/Peptonic-Medical_Form-for-postal-voting_2021-05-18_SE.pdf\" target=\"_blank\" rel=\"noreferrer noopener\">Ladda ner formul\u00e4r f\u00f6r postr\u00f6stning (svensk version) \u00bb<\/a><\/p>\n<p><a class=\"button color\" href=\"https:\/\/www.peptonicmedical.se\/wp-content\/uploads\/2021\/05\/Peptonic-Medical_Form-for-postal-voting_2021-05-18_ENG.pdf\" target=\"_blank\" rel=\"noreferrer noopener\">Download form for postal voting (english version) \u00bb<\/a><\/p>\n<h3>Ombud<\/h3>\n<p>F\u00f6r aktie\u00e4gare som \u00f6nskar ut\u00f6va sin r\u00f6str\u00e4tt genom ombud, dvs. att ett befullm\u00e4ktigat ombud fyller i och s\u00e4nder postr\u00f6stningsformul\u00e4ret till Bolaget p\u00e5 uppdrag av aktie\u00e4garen, ska daterad fullmakt f\u00f6r ombudet utf\u00e4rdas. Om fullmakt utf\u00e4rdas av juridisk person ska kopia av registreringsbevis eller motsvarande f\u00f6r den juridiska personen bifogas. Fullmakts giltighet f\u00e5r anges till h\u00f6gst fem \u00e5r fr\u00e5n utf\u00e4rdandet. Fullmakt samt eventuellt registreringsbevis ska ins\u00e4ndas till Bolaget tillsammans med postr\u00f6stsformul\u00e4ret. Bolaget tillhandah\u00e5ller fullmaktsformul\u00e4r p\u00e5 beg\u00e4ran och det kan laddas ned via f\u00f6ljande l\u00e4nk:<\/p>\n<p><a href=\"https:\/\/www.peptonicmedical.se\/wp-content\/uploads\/2021\/04\/Peptonic-Medical_Fullmakt-stamma-2021.pdf\" target=\"_blank\" rel=\"noopener noreferrer\">Ladda ner fullmakt som PDF \u00bb<\/a><\/p>\n<h3>Digitalt informationsm\u00f6te<\/h3>\n<p>Mot bakgrund av att \u00e5rsst\u00e4mman kommer att h\u00e5llas utan fysisk n\u00e4rvaro kommer ett digitalt informationsm\u00f6te h\u00e5llas kl. 15:30 tisdagen den 18 maj, \u00a0d\u00e4r en sedvanlig presentation kommer att h\u00e5llas av Bolagets VD. Representanter fr\u00e5n kommer \u00e4ven att finnas tillg\u00e4ngliga p\u00e5 detta m\u00f6te. P\u00e5 m\u00f6tet kommer deltagande aktie\u00e4gare \u00e4ven f\u00e5 m\u00f6jlighet att st\u00e4lla fr\u00e5gor till Bolaget. Aktie\u00e4gare som vill delta p\u00e5 detta informationsm\u00f6te ombeds s\u00e4nda ett mail till Bolaget via Dan Markusson, e-post: <a href=\"mailto:dan.markusson@peptonicmedical.se\">dan.markusson@peptonicmedical.se<\/a>. L\u00e4nk till m\u00f6tet kommer att s\u00e4ndas ut till de aktie\u00e4gare som anm\u00e4lt intresse att delta.<\/p>\n<h3>Antal aktier och r\u00f6ster<\/h3>\n<p>I Bolaget finns vid tidpunkten f\u00f6r utf\u00e4rdandet av denna kallelse totalt 191 639\u00a0642 aktier och r\u00f6ster.<\/p>\n<h3>F\u00f6rslag till dagordning<\/h3>\n<ol>\n<li>\u00d6ppnande av st\u00e4mman och val av ordf\u00f6rande vid st\u00e4mman<\/li>\n<li>Uppr\u00e4ttande och godk\u00e4nnande av r\u00f6stl\u00e4ngd<\/li>\n<li>Val av en eller tv\u00e5 justeringspersoner<\/li>\n<li>Pr\u00f6vning av om st\u00e4mman blivit beh\u00f6rigen sammankallad<\/li>\n<li>Godk\u00e4nnande av dagordning<\/li>\n<li>Framl\u00e4ggande av \u00e5rsredovisningen och revisionsber\u00e4ttelsen<\/li>\n<li>Beslut om:<br \/>\na) fastst\u00e4llelse av resultatr\u00e4kningen och balansr\u00e4kningen,<br \/>\nb) dispositioner betr\u00e4ffande Bolagets resultat enligt den fastst\u00e4llda balansr\u00e4kningen, samt<br \/>\nc) ansvarsfrihet gentemot Bolaget f\u00f6r styrelseledam\u00f6terna och den verkst\u00e4llande direkt\u00f6ren<\/li>\n<li>Fastst\u00e4llande av antalet styrelseledam\u00f6ter och styrelsesuppleanter<\/li>\n<li>Fastst\u00e4llande av arvoden till styrelse och revisor<\/li>\n<li>Val av styrelseledam\u00f6ter och eventuella styrelsesuppleanter<\/li>\n<li>Val av revisor<\/li>\n<li>Beslut om bemyndigande f\u00f6r styrelsen att besluta om emission<\/li>\n<li>Beslut om valberedning<\/li>\n<li>St\u00e4mmans avslutande<\/li>\n<\/ol>\n<h3>F\u00f6rslag till beslut<\/h3>\n<p><strong>Punkt\u00a01 \u2013 Val av ordf\u00f6rande vid st\u00e4mman<\/strong><br \/>\nValberedningen f\u00f6resl\u00e5r Mattias Prage, advokat p\u00e5 Advokatfirman Lindahl, till ordf\u00f6rande vid st\u00e4mman. Amanda Sj\u00f6berg, bitr\u00e4dande jurist p\u00e5 Advokatfirman Lindahl, f\u00f6resl\u00e5s utses till protokollf\u00f6rare.<\/p>\n<p><strong>Punkt 2 \u2013 Uppr\u00e4ttande och godk\u00e4nnande av r\u00f6stl\u00e4ngd<\/strong><br \/>\nEftersom aktie\u00e4gare som v\u00e4ljer att ut\u00f6va sin r\u00f6str\u00e4tt vid st\u00e4mman g\u00f6r s\u00e5 genom postr\u00f6stning \u00e4r det inte m\u00f6jligt att inh\u00e4mta bolagsst\u00e4mmans godk\u00e4nnande av r\u00f6stl\u00e4ngden vid st\u00e4mman. Mot den bakgrunden f\u00f6resl\u00e5r styrelsen att r\u00f6stl\u00e4ngden uppr\u00e4ttas och godk\u00e4nns av bolagsst\u00e4mmans ordf\u00f6rande.<\/p>\n<p><strong>Punkt 3 \u2013 Val av en eller tv\u00e5 justeringspersoner<\/strong><br \/>\nStyrelsen f\u00f6resl\u00e5r att Dan Markusson utses till att justera protokollet (eller Juhani Selvani f\u00f6r det Dan Markusson skulle f\u00e5 f\u00f6rhinder). Justeringspersonens uppdrag innefattar \u00e4ven att kontrollera r\u00f6stl\u00e4ngden och att tillse att inkomna f\u00f6rhandsr\u00f6ster blir r\u00e4tt \u00e5tergivna i st\u00e4mmoprotokollet.<\/p>\n<p><strong>Punkt\u00a07 b) \u2013 Dispositioner betr\u00e4ffande Bolagets resultat enligt den fastst\u00e4llda balansr\u00e4kningen<\/strong><br \/>\nStyrelsen f\u00f6resl\u00e5r att ingen utdelning ska ske samt att resultatet balanseras i ny r\u00e4kning.<\/p>\n<p><strong>Punkt\u00a08 \u2013 Fastst\u00e4llande av antalet styrelseledam\u00f6ter och styrelsesuppleanter<\/strong><br \/>\nF\u00f6rslag till beslut kommer att offentligg\u00f6ras separat p\u00e5 Bolagets webbplats s\u00e5 snart som m\u00f6jligt efter denna kallelse, dock senast den 19 maj 2021. F\u00f6rslaget (eller f\u00f6rslagen) kommer \u00e4ven att finnas tillg\u00e4ngligt i det formul\u00e4r som ska anv\u00e4ndas f\u00f6r postr\u00f6stning i enlighet med anvisningarna ovan.<\/p>\n<p><strong>Punkt\u00a09 \u2013 Fastst\u00e4llande av arvoden till styrelse och revisor<\/strong><br \/>\nF\u00f6rslag till beslut avseende arvoden till styrelse kommer att offentligg\u00f6ras separat p\u00e5 Bolagets webbplats s\u00e5 snart som m\u00f6jligt efter denna kallelse, dock senast den 19 maj 2021. F\u00f6rslaget (eller f\u00f6rslagen) kommer \u00e4ven att finnas tillg\u00e4ngligt i det formul\u00e4r som ska anv\u00e4ndas f\u00f6r postr\u00f6stning i enlighet med anvisningarna ovan.<\/p>\n<p>Valberedningen f\u00f6resl\u00e5r att arvode till revisorn utg\u00e5r enligt godk\u00e4nd r\u00e4kning.<\/p>\n<p><strong>Punkt\u00a010 \u2013 Val av styrelseledam\u00f6ter och eventuella styrelsesuppleanter<\/strong><br \/>\nF\u00f6rslag till beslut kommer att offentligg\u00f6ras separat p\u00e5 Bolagets webbplats s\u00e5 snart som m\u00f6jligt efter denna kallelse, dock senast den 19 maj 2021. F\u00f6rslaget (eller f\u00f6rslagen) kommer \u00e4ven att finnas tillg\u00e4ngligt i det formul\u00e4r som ska anv\u00e4ndas f\u00f6r postr\u00f6stning i enlighet med anvisningarna ovan.<\/p>\n<p><strong>Punkt\u00a011 \u2013 Val av revisor<\/strong><br \/>\nTill revisor f\u00f6resl\u00e5s omval av det registrerade revisionsbolaget KPMG AB med nyval av huvudansvarig revisor Emil Andersson. Revisorn f\u00f6rsl\u00e5s v\u00e4ljas fram till och med slutet av n\u00e4stkommande \u00e5rsst\u00e4mma i Bolaget.<\/p>\n<p><strong>Punkt 12 \u2013 Beslut om bemyndigande f\u00f6r styrelsen att besluta om emission<\/strong><br \/>\nStyrelsen f\u00f6resl\u00e5r att bolagsst\u00e4mman bemyndigar styrelsen att, vid ett eller flera tillf\u00e4llen under tiden fram till n\u00e4sta \u00e5rsst\u00e4mma, fatta beslut om att \u00f6ka Bolagets aktiekapital med ett belopp motsvarande tjugo (20) procent av Bolagets registrerade aktiekapital vid det tillf\u00e4lle d\u00e5 bemyndigandet tas i anspr\u00e5k f\u00f6rsta g\u00e5ngen. Bemyndigandet f\u00e5r anv\u00e4ndas f\u00f6r att ge ut aktier, teckningsoptioner och\/eller konvertibla l\u00e5n. Om styrelsen utnyttjar bemyndigandet f\u00e5r det \u00e4ven ske med avvikelse fr\u00e5n aktie\u00e4garnas f\u00f6retr\u00e4desr\u00e4tt och\/eller med best\u00e4mmelser om apport eller kvittning.<\/p>\n<p>Emission i enlighet med detta bemyndigande ska ske p\u00e5 marknadsm\u00e4ssiga villkor. Styrelsen ska ha r\u00e4tt att best\u00e4mma villkoren i \u00f6vrigt f\u00f6r emissioner enligt detta bemyndigande samt vem som ska ha r\u00e4tt att teckna utgivna v\u00e4rdepapper. Sk\u00e4let till att styrelsen ska kunna fatta beslut om emission med avvikelse fr\u00e5n aktie\u00e4gares f\u00f6retr\u00e4desr\u00e4tt och\/eller med best\u00e4mmelse om apport eller kvittning \u00e4r att Bolaget ska kunna inf\u00f6rskaffa kapital till Bolaget, genomf\u00f6ra strategiskt motiverade samarbeten eller f\u00f6retagsf\u00f6rv\u00e4rv samt underl\u00e4tta genomf\u00f6randet av emissioner i syfte att st\u00e4rka Bolagets finansiella st\u00e4llning.<\/p>\n<p>Bolagets VD f\u00f6resl\u00e5s bli bemyndigad att vidta de sm\u00e4rre justeringar i detta beslut som kan komma att vara n\u00f6dv\u00e4ndiga i samband med registrering vid Bolagsverket och vid Euroclear Sweden AB.<\/p>\n<p><strong>Punkt\u00a013 \u2013 Beslut om valberedning inf\u00f6r n\u00e4sta \u00e5rsst\u00e4mma<\/strong><br \/>\nStyrelsen f\u00f6resl\u00e5r att \u00e5rsst\u00e4mman beslutar att inr\u00e4tta en valberedning inf\u00f6r \u00e5rsst\u00e4mman 2022 som utses enligt f\u00f6ljande principer.<\/p>\n<p>St\u00e4mman uppdrar \u00e5t styrelsens ordf\u00f6rande att ta kontakt med de tre r\u00f6stm\u00e4ssigt st\u00f6rsta aktie\u00e4garna enligt Euroclears utskrift av aktieboken per den 30\u00a0september 2021, som vardera utser en ledamot av valberedningen. F\u00f6r det fall n\u00e5gon av de tre st\u00f6rsta aktie\u00e4garna inte \u00f6nskar utse en ledamot av valberedningen ska den fj\u00e4rde st\u00f6rsta aktie\u00e4garen tillfr\u00e5gas och s\u00e5 vidare intill dess att valberedningen best\u00e5r av tre ledam\u00f6ter. Valberedningens ledam\u00f6ter ska offentligg\u00f6ras p\u00e5 Bolagets hemsida senast sex m\u00e5nader f\u00f6re n\u00e4sta \u00e5rsst\u00e4mma.<\/p>\n<p>Mandatperioden f\u00f6r den utsedda valberedningen ska l\u00f6pa intill dess att ny valberedning utsetts enligt mandat fr\u00e5n n\u00e4sta \u00e5rsst\u00e4mma.<\/p>\n<p>Valberedningen utser ordf\u00f6rande inom gruppen. Styrelseordf\u00f6randen eller annan styrelseledamot ska inte vara ordf\u00f6rande f\u00f6r valberedningen.<\/p>\n<p>Om en ledamot l\u00e4mnar valberedningen innan dess arbete \u00e4r slutf\u00f6rt och om valberedningen anser att det finns behov av att ers\u00e4tta denna ledamot, ska valberedningen utse ny ledamot enligt principerna ovan, men med utg\u00e5ngspunkt i de d\u00e5 g\u00e4llande \u00e4gandef\u00f6rh\u00e5llandena. \u00c4ndring i valberedningens sammans\u00e4ttning ska offentligg\u00f6ras.<\/p>\n<p>Inget arvode ska utg\u00e5 till ledam\u00f6terna f\u00f6r deras arbete i valberedningen.<\/p>\n<p>Valberedningen ska l\u00e4gga fram f\u00f6rslag till beslut i f\u00f6ljande fr\u00e5gor f\u00f6r \u00e5rsst\u00e4mman 2022.<\/p>\n<p style=\"padding-left: 40px;\">a) Val av ordf\u00f6rande vid st\u00e4mman.<\/p>\n<p style=\"padding-left: 40px;\">b) Fastst\u00e4llande av antal styrelseledam\u00f6ter.<\/p>\n<p style=\"padding-left: 40px;\">c) Fastst\u00e4llande av arvoden och annan ers\u00e4ttning till styrelsen och dess utskott, med uppdelning mellan ordf\u00f6rande och \u00f6vriga ledam\u00f6ter.<\/p>\n<p style=\"padding-left: 40px;\">d) Fastst\u00e4llande av arvoden till revisorer.<\/p>\n<p style=\"padding-left: 40px;\">e) Val av styrelseledam\u00f6ter och styrelseordf\u00f6rande.<\/p>\n<p style=\"padding-left: 40px;\">f) Val av revisorer.<\/p>\n<p style=\"padding-left: 40px;\">g) F\u00f6rslag till principer f\u00f6r valberedningens sammans\u00e4ttning och arbete inf\u00f6r \u00e5rsst\u00e4mman 2023.<\/p>\n<h3>Majoritetskrav<\/h3>\n<p>F\u00f6r beslut i enlighet med styrelsens f\u00f6rslag enligt punkt 12 (bemyndigande) ovan kr\u00e4vs att beslutet bitr\u00e4ds av aktie\u00e4gare med minst tv\u00e5 tredjedelar av s\u00e5v\u00e4l de avgivna r\u00f6sterna som de aktier som \u00e4r f\u00f6retr\u00e4dda vid st\u00e4mman.<\/p>\n<h3>Fr\u00e5gor till styrelse och VD<\/h3>\n<p>Styrelsen och VD ska, om n\u00e5gon aktie\u00e4gare beg\u00e4r det, och styrelsen anser att det kan ske utan v\u00e4sentlig skada f\u00f6r Bolaget, l\u00e4mna upplysningar om f\u00f6rh\u00e5llanden som kan inverka p\u00e5 bed\u00f6mningen av ett \u00e4rende p\u00e5 dagordningen eller Bolagets ekonomiska situation. Beg\u00e4ran om s\u00e5dana upplysningar ska l\u00e4mnas skriftligen till Bolaget senast tio dagar f\u00f6re bolagsst\u00e4mman, dvs. senast den 17 maj 2021, till adress Gustavslundsv\u00e4gen 143, 167 51 Bromma eller via e-post till <a href=\"mailto:info@peptonicmedical.se\">info@peptonicmedical.se<\/a>. Upplysningarna l\u00e4mnas av Bolaget genom att de h\u00e5lls tillg\u00e4ngliga p\u00e5 Bolagets webbplats och hos Bolaget senast fr\u00e5n och med l\u00f6rdagen den 22 maj 2021. Upplysningarna skickas \u00e4ven till den aktie\u00e4gare som beg\u00e4rt dem och uppgivit sin adress.<\/p>\n<h3>Personuppgiftsbehandling<\/h3>\n<p>I samband med bolagsst\u00e4mman kommer personuppgifter att behandlas i enlighet med Bolagets integritetspolicy, som finns tillg\u00e4nglig p\u00e5 <a href=\"https:\/\/www.peptonicmedical.se\">Bolagets webbplats<\/a>.<\/p>\n<h3>Tillhandah\u00e5llande av handlingar<\/h3>\n<p>Redovisningshandlingar och revisionsber\u00e4ttelse samt \u00f6vriga handlingar enligt aktiebolagslagen kommer att finnas tillg\u00e4ngliga hos Bolaget med adress Gustavslundsv\u00e4gen 143 i Bromma samt i \u00e5rsredovisningen p\u00e5 <a href=\"https:\/\/www.peptonicmedical.se\/arsredovisning-for-peptonic-medical-ab-publ-for-verksamhetsaret-2020-ar-publicerad\/\">Bolagets webbplats<\/a> senast tre veckor f\u00f6re st\u00e4mman, dvs. senast torsdagen 6 maj 2021. Handlingarna skickas ocks\u00e5 utan kostnad till de aktie\u00e4gare som beg\u00e4r det och som uppger sin adress.<\/p>\n<p><a href=\"https:\/\/www.peptonicmedical.se\/wp-content\/uploads\/2021\/04\/Peptonic-Medical_Fullmakt-stamma-2021.pdf\" target=\"_blank\" rel=\"noopener noreferrer\">Fullmakt f\u00f6r ombud \u00bb<\/a><\/p>\n<p>Uppsala i april 2021<br \/>\nPEPTONIC medical AB (publ)<\/p>\n<p>Styrelsen<\/p>\n<p><strong>Kontakt f\u00f6r fr\u00e5gor<\/strong><br \/>\nErik Sundquist, VD<br \/>\nTelefon: +46\u00a0722 499 043<br \/>\nE-post: <a href=\"mailto:erik.sundquist@peptonicmedical.se\">erik.sundquist@peptonicmedical.se<\/a><\/p>\n<hr \/>\n<p>[\/vc_column_text][\/vc_column][\/vc_row]<\/p>\n<\/section>","protected":false},"excerpt":{"rendered":"<p>[vc_row][vc_column][vc_column_text]Aktie\u00e4garna i PEPTONIC medical AB (publ), org.nr 556776-3064 (\u201dBolaget\u201d), kallas h\u00e4rmed till \u00e5rsst\u00e4mma torsdagen den 27 maj 2021. Mot bakgrund av risken f\u00f6r spridning av Covid-19 och myndigheternas f\u00f6reskrifter\/r\u00e5d om undvikande av sammankomster har styrelsen beslutat att bolagsst\u00e4mman ska genomf\u00f6ras utan fysisk n\u00e4rvaro genom att aktie\u00e4gare ut\u00f6var sin r\u00f6str\u00e4tt endast genom postr\u00f6stning. N\u00e5gon fysisk sammankomst [&hellip;]<\/p>\n","protected":false},"author":1,"featured_media":0,"parent":9,"menu_order":5,"comment_status":"closed","ping_status":"closed","template":"","meta":[],"_links":{"self":[{"href":"https:\/\/www.peptonicmedical.se\/en\/wp-json\/wp\/v2\/pages\/1355"}],"collection":[{"href":"https:\/\/www.peptonicmedical.se\/en\/wp-json\/wp\/v2\/pages"}],"about":[{"href":"https:\/\/www.peptonicmedical.se\/en\/wp-json\/wp\/v2\/types\/page"}],"author":[{"embeddable":true,"href":"https:\/\/www.peptonicmedical.se\/en\/wp-json\/wp\/v2\/users\/1"}],"replies":[{"embeddable":true,"href":"https:\/\/www.peptonicmedical.se\/en\/wp-json\/wp\/v2\/comments?post=1355"}],"version-history":[{"count":9,"href":"https:\/\/www.peptonicmedical.se\/en\/wp-json\/wp\/v2\/pages\/1355\/revisions"}],"predecessor-version":[{"id":2419,"href":"https:\/\/www.peptonicmedical.se\/en\/wp-json\/wp\/v2\/pages\/1355\/revisions\/2419"}],"up":[{"embeddable":true,"href":"https:\/\/www.peptonicmedical.se\/en\/wp-json\/wp\/v2\/pages\/9"}],"wp:attachment":[{"href":"https:\/\/www.peptonicmedical.se\/en\/wp-json\/wp\/v2\/media?parent=1355"}],"curies":[{"name":"wp","href":"https:\/\/api.w.org\/{rel}","templated":true}]}}