{"id":1267,"date":"2016-01-30T09:19:00","date_gmt":"2016-01-30T09:19:00","guid":{"rendered":"http:\/\/www.peptonicmedical.se\/?page_id=1267"},"modified":"2017-10-27T08:26:46","modified_gmt":"2017-10-27T08:26:46","slug":"peptonic-sponsor-for-feminvest","status":"publish","type":"page","link":"https:\/\/www.peptonicmedical.se\/en\/peptonic-sponsor-for-feminvest\/","title":{"rendered":"Sponsring"},"content":{"rendered":"<p><img decoding=\"async\" loading=\"lazy\" class=\"alignnone size-full wp-image-1268\" src=\"https:\/\/www.peptonicmedical.se\/wp-content\/uploads\/2016\/01\/Feminvest-Cobranding-Logotyp.png\" alt=\"Feminvest-Cobranding-Logotyp\" width=\"491\" height=\"133\" srcset=\"https:\/\/www.peptonicmedical.se\/wp-content\/uploads\/2016\/01\/Feminvest-Cobranding-Logotyp.png 491w, https:\/\/www.peptonicmedical.se\/wp-content\/uploads\/2016\/01\/Feminvest-Cobranding-Logotyp-300x81.png 300w, https:\/\/www.peptonicmedical.se\/wp-content\/uploads\/2016\/01\/Feminvest-Cobranding-Logotyp-320x87.png 320w\" sizes=\"(max-width: 491px) 100vw, 491px\" \/><\/p>\n<p><span class=\"intro\">PEPTONIC medical sponsrar under 2016 Feminvest, ett nytt investerarn\u00e4tverk f\u00f6r kvinnor, vars syfte \u00e4r att fr\u00e4mja kvinnors \u00e4gande och inflytande p\u00e5 aktiemarknaden.<\/span><\/p>\n<p>Feminvest har ambitionen att n\u00e4tverket ska fungera som en drivkraft och st\u00f6d, s\u00e5 att fler kvinnor kan bli aktiva p\u00e5 aktiemarknaden. N\u00e4tverket v\u00e4nder sig b\u00e5de till erfarna investerare och till de som beh\u00f6ver lite hj\u00e4lp p\u00e5 traven. Liknande n\u00e4tverk finns inte i dagsl\u00e4get, vilket g\u00f6r det till en ny typ av plattform och m\u00f6tesplats.<\/p>\n<p><a href=\"https:\/\/www.feminvest.nu\/default_fi.aspx?a=MTA0MA==-kCSkKOjQMjY=\" target=\"_blank\" rel=\"noopener\">L\u00e4s mer om Feminvest \u00bb<\/a><\/p>\n","protected":false},"excerpt":{"rendered":"<p>PEPTONIC medical sponsrar under 2016 Feminvest, ett nytt investerarn\u00e4tverk f\u00f6r kvinnor, vars syfte \u00e4r att fr\u00e4mja kvinnors \u00e4gande och inflytande p\u00e5 aktiemarknaden. Feminvest har ambitionen att n\u00e4tverket ska fungera som en drivkraft och st\u00f6d, s\u00e5 att fler kvinnor kan bli aktiva p\u00e5 aktiemarknaden. N\u00e4tverket v\u00e4nder sig b\u00e5de till erfarna investerare och till de som beh\u00f6ver [&hellip;]<\/p>\n","protected":false},"author":1,"featured_media":0,"parent":0,"menu_order":50,"comment_status":"closed","ping_status":"closed","template":"","meta":[],"_links":{"self":[{"href":"https:\/\/www.peptonicmedical.se\/en\/wp-json\/wp\/v2\/pages\/1267"}],"collection":[{"href":"https:\/\/www.peptonicmedical.se\/en\/wp-json\/wp\/v2\/pages"}],"about":[{"href":"https:\/\/www.peptonicmedical.se\/en\/wp-json\/wp\/v2\/types\/page"}],"author":[{"embeddable":true,"href":"https:\/\/www.peptonicmedical.se\/en\/wp-json\/wp\/v2\/users\/1"}],"replies":[{"embeddable":true,"href":"https:\/\/www.peptonicmedical.se\/en\/wp-json\/wp\/v2\/comments?post=1267"}],"version-history":[{"count":3,"href":"https:\/\/www.peptonicmedical.se\/en\/wp-json\/wp\/v2\/pages\/1267\/revisions"}],"predecessor-version":[{"id":1539,"href":"https:\/\/www.peptonicmedical.se\/en\/wp-json\/wp\/v2\/pages\/1267\/revisions\/1539"}],"wp:attachment":[{"href":"https:\/\/www.peptonicmedical.se\/en\/wp-json\/wp\/v2\/media?parent=1267"}],"curies":[{"name":"wp","href":"https:\/\/api.w.org\/{rel}","templated":true}]}}