{"id":1152,"date":"2020-07-13T07:50:00","date_gmt":"2020-07-13T07:50:00","guid":{"rendered":"http:\/\/www.peptonicmedical.se\/?page_id=1152"},"modified":"2022-03-07T12:16:19","modified_gmt":"2022-03-07T12:16:19","slug":"extra-bolagsstamma","status":"publish","type":"page","link":"https:\/\/www.peptonicmedical.se\/en\/extra-bolagsstamma\/","title":{"rendered":"Kallelse till bolagsst\u00e4mma med anledning av tidigare kommunicerad nyemission i PEPTONIC medical AB (publ)"},"content":{"rendered":"<p class=\"intro\">PEPTONIC medical AB (publ), 556776-3064, (\u201dPEPTONIC\u201d eller \u201dBolaget\u201d) har genom pressmeddelande den 4 november 2021 informerat om Bolagets avsikt att genomf\u00f6ra en f\u00f6retr\u00e4desemission av aktier och teckningsoptioner (Units) som tillf\u00f6r bolaget ca 42 miljoner kronor f\u00f6re emissionskostnader. Aktie\u00e4garna i PEPTONIC kallas h\u00e4rmed till extra bolagsst\u00e4mma torsdagen den 16 december 2021 kl. 10:00 p\u00e5 Bolagets kontor, Peptonic Medical AB, Gustavslundsv\u00e4gen 143 i Bromma. Registrering sker fr\u00e5n kl 9:30.<\/p>\n\n\n<h3><strong>R\u00e4tt att delta och anm\u00e4lan<\/strong><\/h3>\n\n\n\n<p>Aktie\u00e4gare som \u00f6nskar delta i bolagsst\u00e4mman skall:<\/p>\n\n\n\n<ul><li>vara inf\u00f6rd i den av Euroclear Sweden AB f\u00f6rda aktieboken den 8 december 2021, och<\/li><li>anm\u00e4la sig till bolaget senast den 10 december 2021 skriftligen till PEPTONIC medical AB, Att: Bolagsst\u00e4mma,&nbsp;Gustavslundsv\u00e4gen 143, 167 51 Bromma. Anm\u00e4lan kan ocks\u00e5 g\u00f6ras per telefon&nbsp;+46 8&nbsp;530 20 110 eller per e-post<a> <\/a><a href=\"mailto:info@peptonicmedical.se\" data-type=\"mailto\" data-id=\"mailto:info@peptonicmedical.se\">info@peptonicmedical.se<\/a>.&nbsp;I anm\u00e4lan ska uppges fullst\u00e4ndigt namn, person- eller organisationsnummer, aktieinnehav, adress, telefonnummer under dagtid samt ska i f\u00f6rekommande fall, uppgift om st\u00e4llf\u00f6retr\u00e4dare, eller bitr\u00e4de (h\u00f6gst 2) l\u00e4mnas. Anm\u00e4lan b\u00f6r i f\u00f6rekommande fall \u00e5tf\u00f6ljas av fullmakter, registreringsbevis och andra beh\u00f6righetshandlingar.<\/li><\/ul>\n\n\n\n<h3>F\u00f6rvaltarregistrerade aktier<\/h3>\n\n\n\n<p>Aktie\u00e4gare som l\u00e5tit f\u00f6rvaltarregistrera sina aktier m\u00e5ste, f\u00f6r att ha r\u00e4tt att delta i bolagsst\u00e4mman, tillf\u00e4lligt Aktie\u00e4gare som har sina aktier f\u00f6rvaltarregistrerade, genom bank eller annan f\u00f6rvaltare, m\u00e5ste, f\u00f6r att \u00e4ga r\u00e4tt att deltaga vid bolagsst\u00e4mman tillf\u00e4lligt inregistrera aktierna i eget namn hos Euroclear Sweden AB. S\u00e5dan omregistrering m\u00e5ste vara genomf\u00f6rd senast den 10 december 2021, vilket inneb\u00e4r att aktie\u00e4gare som \u00f6nskar s\u00e5dan omregistrering m\u00e5ste underr\u00e4tta f\u00f6rvaltaren om detta i god tid f\u00f6re n\u00e4mnda datum.<\/p>\n\n\n\n<h3>Ombud med mera<\/h3>\n\n\n\n<p>Om aktie\u00e4gare ska f\u00f6retr\u00e4das av ombud m\u00e5ste ombudet ha med skriftlig, daterad och av aktie\u00e4garen undertecknad Om aktie\u00e4gare ska f\u00f6retr\u00e4das av ombud m\u00e5ste ombudet ha med skriftlig, daterad och av aktie\u00e4garen undertecknad fullmakt till st\u00e4mman. Fullmakten f\u00e5r inte vara \u00e4ldre \u00e4n ett \u00e5r, s\u00e5vida inte l\u00e4ngre giltighetstid (dock l\u00e4ngst fem \u00e5r) har angivits i fullmakten. Om fullmakten utf\u00e4rdats av juridisk person ska ombudet ocks\u00e5 ha med aktuellt registreringsbevis eller motsvarande beh\u00f6righetshandling f\u00f6r den juridiska personen. F\u00f6r att underl\u00e4tta inpasseringen b\u00f6r kopia av fullmakt och andra beh\u00f6righetshandlingar bifogas anm\u00e4lan till st\u00e4mman.&nbsp;<br><br>Fullmaktsformul\u00e4r kan laddas ned via l\u00e4nk nedan och skickas med post till aktie\u00e4gare som kontaktar bolaget och uppger sin adress.<br><\/p>\n\n\n\n<p><a class=\"button color\" href=\"https:\/\/www.peptonicmedical.se\/wp-content\/uploads\/2021\/12\/PepMed_xTra-stamma-2021-12-16_Fullmakt-EBS.pdf\" target=\"_blank\" rel=\"noreferrer noopener\">Ladda ner fullmakt<\/a><\/p>\n\n\n\n<h3>Antal aktier och r\u00f6ster<\/h3>\n\n\n\n<p>I Bolaget finns vid tidpunkten f\u00f6r utf\u00e4rdandet av denna kallelse totalt 155&nbsp;143 476 aktier. Det totala antalet r\u00f6ster <\/p>\n\n\n\n<p>Antalet utest\u00e5ende aktier och r\u00f6ster i bolaget uppg\u00e5r vid tidpunkten f\u00f6r denna kallelse till 191&nbsp;639&nbsp;642 st.<\/p>\n\n\n\n<p>Bolaget innehar inga egna aktier.<\/p>\n\n\n\n<h3>F\u00f6rslag till dagordning<\/h3>\n\n\n\n<ol type=\"1\"><li>St\u00e4mman \u00f6ppnas.<\/li><li>Val av ordf\u00f6rande vid st\u00e4mman.<\/li><li>Uppr\u00e4ttande och godk\u00e4nnande av r\u00f6stl\u00e4ngd.<\/li><li>Godk\u00e4nnande av dagordningen.<\/li><li>Val av en eller tv\u00e5 justeringsm\u00e4n.<\/li><li>Pr\u00f6vning av om st\u00e4mman blivit beh\u00f6rigen sammankallad.<\/li><li>Beslut om att genomf\u00f6ra en f\u00f6retr\u00e4desemission<\/li><li>St\u00e4mman avslutas.<\/li><\/ol>\n\n\n\n<h3>Ang\u00e5ende punkt 7<\/h3>\n\n\n\n<p><strong>Bakgrund<\/strong><br>Som framg\u00e5tt av pressmeddelande den 4 november 2021 har Bolaget f\u00f6r avsikt att genomf\u00f6ra en f\u00f6retr\u00e4desemission av aktier och teckningsoptioner (Units) som tillf\u00f6r bolaget ca 42 miljoner kronor f\u00f6re emissionskostnader.&nbsp;<\/p>\n\n\n\n<p>F\u00f6r ytterligare information, v\u00e4nligen se pressmeddelandet r\u00f6rande f\u00f6retr\u00e4desemissionen p\u00e5 bolagets webbplats,&nbsp;<a href=\"https:\/\/www.peptonicmedial.se\/\">www.peptonicmedial.se<\/a><\/p>\n\n\n\n<p><strong>F\u00f6rslag<\/strong><\/p>\n\n\n\n<ol><li>Styrelsen f\u00f6resl\u00e5r att den extra bolagsst\u00e4mman beslutar att&nbsp;\u00f6ka bolagets aktiekapital genom nyemission av aktier och teckningsoptioner (i form av Units) med f\u00f6retr\u00e4desr\u00e4tt f\u00f6r aktie\u00e4garna enligt f\u00f6ljande huvudsakliga villkor:&nbsp;<br><br>Styrelsen beslutade, under f\u00f6ruts\u00e4ttning av bolagsst\u00e4mmans godk\u00e4nnande, den 4 november 2021 om emission av h\u00f6gst 21&nbsp;293&nbsp;293&nbsp;&nbsp;s.k. units p\u00e5 nedanst\u00e5ende villkor. Varje unit best\u00e5r av tre (3) nyemitterade aktier i bolaget samt tv\u00e5 (2) nyemitterade teckningsoptioner i bolaget av serie TO1. Detta inneb\u00e4r att h\u00f6gst 63 879&nbsp;879 nya aktier och h\u00f6gst 42 586&nbsp;586 nya teckningsoptioner kan komma att ges ut. Beslutet medf\u00f6r att bolagets aktiekapital \u00f6kas med h\u00f6gst 6 387 987,90 kronor genom emission av aktier. Vidare medf\u00f6r beslutet att bolagets aktiekapital kan komma att \u00f6kas med ytterligare h\u00f6gst 4 258 658,60 kronor vid fullt utnyttjande av de utgivna teckningsoptionerna.<br><br>En (1) TO1 ger r\u00e4tt att teckna en (1) ny aktie till en kurs uppg\u00e5ende till 70% av Volymv\u00e4gt genomsnittspris (VWAP) f\u00f6r PMED:s aktie under de tio (10) handelsdagar vilka f\u00f6reg\u00e5r 2022-11-11. Emellertid kan den h\u00f6gsta m\u00f6jliga teckningskursen uppg\u00e5 till 1,00 SEK (149% av teckningskursen i f\u00f6retr\u00e4desemissionen). Som l\u00e4gst kan nyttjandekursen uppg\u00e5 till 0,50 SEK per aktie. F\u00f6r teckningsoptionerna ska i \u00f6vrigt g\u00e4lla de villkor som framg\u00e5r av Bilaga A (PM fr\u00e5n 4 nov).<br><\/li><li>R\u00e4tt att teckna nya aktier ska med f\u00f6retr\u00e4desr\u00e4tt tillkomma de som p\u00e5 avst\u00e4mningsdagen f\u00f6r nyemissionen \u00e4r registrerade som aktie\u00e4gare. En (1) befintlig aktie ber\u00e4ttigar till en (1) unitr\u00e4tt. Nio (9) unitr\u00e4tter ger r\u00e4tt att teckna tre (3) nya aktier och tv\u00e5 (2) teckningsoptioner TO1. Teckningskursen fastst\u00e4lls till 1,98 SEK per Unit, motsvarande 0,66 SEK per aktie. Teckningsoptionerna ges ut vederlagsfritt. \u00d6verkursen ska tillf\u00f6ras den fria \u00f6verkursfonden.<br><\/li><li>F\u00f6r det fall inte samtliga nya aktier tecknas med f\u00f6retr\u00e4desr\u00e4tt ska styrelsen, inom ramen f\u00f6r emissionens h\u00f6gsta belopp, besluta om f\u00f6rdelning av units som inte tecknats med f\u00f6retr\u00e4desr\u00e4tt. S\u00e5dan f\u00f6rdelning ska i f\u00f6rsta hand ske till tecknare som tecknat units med st\u00f6d av unitr\u00e4tter och, vid \u00f6verteckning, i f\u00f6rh\u00e5llande till det antal unitr\u00e4tter som var och en utnyttjat f\u00f6r teckning av units och, i den m\u00e5n detta inte kan ske, genom lottning. I andra hand ska f\u00f6rdelning ske till aktie\u00e4gare och \u00f6vriga som anm\u00e4lt intresse av att teckna units utan st\u00f6d av unitr\u00e4tter och, vid \u00f6verteckning, i f\u00f6rh\u00e5llande till tecknat belopp, och i den m\u00e5n detta inte kan ske, genom lottning.&nbsp;<br><\/li><li>F\u00f6r units som inte tecknats med st\u00f6d av f\u00f6retr\u00e4desr\u00e4tt eller utan f\u00f6retr\u00e4desr\u00e4tt enligt punkterna 2-3 ovan, ska tilldelningen ske till garanter av emissionen pro rata i f\u00f6rh\u00e5llande till garanterat belopp.<br><\/li><li>Avst\u00e4mningsdag f\u00f6r fastst\u00e4llande av vilka aktie\u00e4gare som \u00e4r ber\u00e4ttigade att med f\u00f6retr\u00e4desr\u00e4tt teckna nya aktier ska vara den 2 mars 2022.<br><\/li><li>Teckning av units med st\u00f6d f\u00f6retr\u00e4desr\u00e4tt ska ske genom kontant betalning under tiden fr\u00e5n och med den 4 mars 2022 till och med den 18 mars 2022. Styrelsen ska \u00e4ga r\u00e4tt att f\u00f6rl\u00e4nga tiden f\u00f6r teckning.&nbsp;<br><\/li><li>Anm\u00e4lan om teckning av units utan st\u00f6d av f\u00f6retr\u00e4desr\u00e4tt ska ske under den tid som anges i punkt 6 ovan. Teckning ska i s\u00e5dana fall ske p\u00e5 s\u00e4rskild teckningslista. Betalning f\u00f6r units som tecknats utan st\u00f6d av f\u00f6retr\u00e4desr\u00e4tt ska erl\u00e4ggas kontant senast tv\u00e5 (2) bankdagar efter avs\u00e4ndande av avr\u00e4kningsnota som utvisar besked om tilldelning av aktier. Styrelsen ska \u00e4ga r\u00e4tt att f\u00f6rl\u00e4nga tiden f\u00f6r teckning och betalning.<br><\/li><li>Teckning s\u00e5vitt \u00e4r fr\u00e5ga om eventuell teckning av emissionsgarant ska ske p\u00e5 s\u00e4rskild teckningslista senast fem (5) bankdagar efter den tid som anges i punkt 6 ovan. Betalning f\u00f6r s\u00e5lunda tecknade och tilldelade units ska erl\u00e4ggas kontant senast tv\u00e5 (2) bankdagar efter avs\u00e4ndande av avr\u00e4kningsnota som utvisar besked om tilldelning av units. Styrelsen ska dock \u00e4ga r\u00e4tt att f\u00f6rl\u00e4nga dels tiden f\u00f6r s\u00e5dan teckning, dels tiden f\u00f6r s\u00e5dan betalning.<br><\/li><li>De nya aktierna ska medf\u00f6ra r\u00e4tt till vinstutdelning f\u00f6rsta g\u00e5ngen p\u00e5 den avst\u00e4mningsdag f\u00f6r utdelning som infaller n\u00e4rmast efter det att nyemissionen har registrerats hos Bolagsverket och aktierna inf\u00f6rts i aktieboken hos Euroclear Sweden AB.&nbsp;<\/li><\/ol>\n\n\n\n<h3>Information till aktie\u00e4garna&nbsp;<\/h3>\n\n\n\n<p>Den 30 november 2021 beviljade Aktiemarknadsn\u00e4mnden Vidarstiftelsen dispens fr\u00e5n den budplikt som annars skulle uppkomma genom infriande av ett av Vidarstiftelsen l\u00e4mnat garanti\u00e5tagande att teckna de aktier och teckningsoptioner som \u00f6vriga aktie\u00e4gare inte tecknar. Dispensen \u00e4r villkorad av att 1) aktie\u00e4garna inf\u00f6r bolagsst\u00e4mman i Bolaget informeras om hur stor kapital- respektive r\u00f6standel som Vidarstiftelsen h\u00f6gst kan f\u00e5 genom att teckna aktier och teckningsoptioner ut\u00f6ver sin f\u00f6retr\u00e4desandel och utnyttja teckningsoptionerna f\u00f6r aktieteckning, samt att 2) emissionsbeslutet bitr\u00e4ds av aktie\u00e4gare som representerar minst tv\u00e5 tredjedelar av s\u00e5v\u00e4l de avgivna r\u00f6sterna som de aktier som \u00e4r f\u00f6retr\u00e4dda p\u00e5 st\u00e4mman, varvid man vid r\u00f6str\u00e4kningen ska bortse fr\u00e5n de aktier som innehas och p\u00e5 st\u00e4mman f\u00f6retr\u00e4ds av Vidarstiftelsen. Om Vidarstiftelsen sedermera f\u00f6rv\u00e4rvar ytterligare aktier och d\u00e4rigenom \u00f6kar sin r\u00f6standel uppkommer budplikt.&nbsp;<\/p>\n\n\n\n<p>Vidarstiftelsens kapital- och r\u00f6standel i Bolaget kan, genom att Vidarstiftelsen tecknar sin andel av F\u00f6retr\u00e4desemissionen samt vid infriandet av garanti\u00e5tagandet, komma att uppg\u00e5 till h\u00f6gst cirka 32,0 procent. Vidare kan Vidarstiftelsens kapital- och r\u00f6standel i Bolaget \u00f6ka med ytterligare cirka 8,4 procent till totalt cirka 40,4 procent, om Vidarstiftelsen skulle utnyttja samtliga teckningsoptioner, vilka Vidarstiftelsen kan komma att tilldelas i F\u00f6retr\u00e4desemissionen, f\u00f6r aktieteckning och \u00f6vriga teckningsoptionsinnehavare v\u00e4ljer att inte utnyttja teckningsoptionerna f\u00f6r aktieteckning.<\/p>\n\n\n\n<h3>Personuppgifter<\/h3>\n\n\n\n<p>Personuppgifter som h\u00e4mtats fr\u00e5n den av Euroclear Sweden AB f\u00f6rda aktieboken, anm\u00e4lan om deltagande vid st\u00e4mman samt uppgifter om st\u00e4llf\u00f6retr\u00e4dare, ombud och bitr\u00e4den kommer att anv\u00e4ndas f\u00f6r registrering, uppr\u00e4ttande av r\u00f6stl\u00e4ngd f\u00f6r st\u00e4mman samt, i f\u00f6rekommande fall, st\u00e4mmoprotokoll.<\/p>\n\n\n\n<h3>\u00d6vrigt<\/h3>\n\n\n\n<p>Fullst\u00e4ndigt f\u00f6rslag till beslut, handlingar enligt 14 kap. 8 \u00a7 aktiebolagslagen samt fullmaktsformul\u00e4r&nbsp;kommer att h\u00e5llas tillg\u00e4ngliga p\u00e5 bolagets kontor, Gustavslundsv\u00e4gen 143 i Bromma samt p\u00e5 bolagets webbplats (www.peptonicmedical.se) senast tv\u00e5 veckor f\u00f6re bolagsst\u00e4mman och skickas till de aktie\u00e4gare som beg\u00e4r det och uppger sin postadress.<\/p>\n\n\n\n<p>Aktie\u00e4gare som \u00e4r n\u00e4rvarande vid bolagsst\u00e4mman har r\u00e4tt att beg\u00e4ra upplysningar i enlighet med 7 kap. 32 \u00a7 aktiebolagslagen (2005:551).<\/p>\n\n\n\n<p>Uppsala i december 2021<\/p>\n\n\n\n<p>PEPTONIC medical AB (publ)<br>Styrelsen<br><\/p>\n\n\n\n<h3>F\u00f6r mer information, v\u00e4nligen kontakta:<\/h3>\n\n\n\n<p><strong>Erik Sundquist<\/strong>, VD PEPTONIC medical AB (publ)<br>Tel: +46 (0)722 499043<br>E-mail: <a href=\"mailto:erik.sundquist@peptonicmedical.se\">erik.sundquist@peptonicmedical.se<\/a><\/p>\n\n\n\n<p><strong>PEPTONIC medical AB <\/strong>(publ)<br>Gustavslundsv\u00e4gen 143<br>SE-167 51 Bromma Sweden<br>Tel: +46 8 530 20 110<br>Fax: +46 470 731 550<br><a href=\"mailto:info@peptonicmedical.se\">info@peptonicmedical.se<\/a> <br><a href=\"https:\/\/www.peptonicmedial.se\/\">www.peptonicmedial.se<\/a><\/p>\n\n\n\n<hr class=\"wp-block-separator is-style-wide\"\/>\n\n\n\n<h3>Om PEPTONIC medical AB<\/h3>\n\n\n\n<p>PEPTONIC medical AB (publ) \u00e4r ett innovativt biomedicinskt f\u00f6retag som bedriver forskning, utveckling och f\u00f6rs\u00e4ljning av medicintekniska behandlingar och livsstilsprodukter inom omr\u00e5det kvinnoh\u00e4lsa. PEPTONIC lanserade f\u00f6rsta produkten, VagiVital\u00ae\ufe0f AktivGel, mot vaginal atrofi, i juli 2018. I april 2021 lanserades VagiVital\u00ae\ufe0f Moisturizing V Cleanser, en \u00e5terfuktande och f\u00f6rebyggande intimtv\u00e4tt. Bolaget grundades 2009 och aktien handlas sedan 2014 p\u00e5 Spotlight (<a href=\"https:\/\/www.spotlightstockmarket.com\/\">www.spotlightstockmarket.com<\/a>) i Stockholm.<\/p>\n\n\n\n<p>Sedan augusti 2020 ing\u00e5r Lune Group Oy Ltd. som ett hel\u00e4gt dotterbolag i PEPTONIC medical. Bolaget grundades 2005 med aff\u00e4rsid\u00e9n att leda en l\u00e4ttsam mensrevolution i en positiv anda via patenterade menskoppar. Bolaget utvecklas nu till att g\u00e5 i t\u00e4ten inom h\u00e5llbart, intimt v\u00e4lm\u00e5ende.<\/p>\n\n\n\n<p>I oktober 2021 f\u00f6rv\u00e4rvades samtliga tillg\u00e5ngar fr\u00e5n det israeliska bolaget Common Sense Ltd. Common Sense har utvecklat unika och patenterade sj\u00e4lvtester som med h\u00f6g precision diagnosticerar bakteriell vaginos respektive fostervattenavg\u00e5ng.<\/p>\n","protected":false},"excerpt":{"rendered":"<p>PEPTONIC medical AB (publ), 556776-3064, (\u201dPEPTONIC\u201d eller \u201dBolaget\u201d) har genom pressmeddelande den 4 november 2021 informerat om Bolagets avsikt att genomf\u00f6ra en f\u00f6retr\u00e4desemission av aktier och teckningsoptioner (Units) som tillf\u00f6r bolaget ca 42 miljoner kronor f\u00f6re emissionskostnader. Aktie\u00e4garna i PEPTONIC kallas h\u00e4rmed till extra bolagsst\u00e4mma torsdagen den 16 december 2021 kl. 10:00 p\u00e5 Bolagets kontor, [&hellip;]<\/p>\n","protected":false},"author":1,"featured_media":0,"parent":0,"menu_order":4,"comment_status":"closed","ping_status":"closed","template":"","meta":[],"_links":{"self":[{"href":"https:\/\/www.peptonicmedical.se\/en\/wp-json\/wp\/v2\/pages\/1152"}],"collection":[{"href":"https:\/\/www.peptonicmedical.se\/en\/wp-json\/wp\/v2\/pages"}],"about":[{"href":"https:\/\/www.peptonicmedical.se\/en\/wp-json\/wp\/v2\/types\/page"}],"author":[{"embeddable":true,"href":"https:\/\/www.peptonicmedical.se\/en\/wp-json\/wp\/v2\/users\/1"}],"replies":[{"embeddable":true,"href":"https:\/\/www.peptonicmedical.se\/en\/wp-json\/wp\/v2\/comments?post=1152"}],"version-history":[{"count":26,"href":"https:\/\/www.peptonicmedical.se\/en\/wp-json\/wp\/v2\/pages\/1152\/revisions"}],"predecessor-version":[{"id":2668,"href":"https:\/\/www.peptonicmedical.se\/en\/wp-json\/wp\/v2\/pages\/1152\/revisions\/2668"}],"wp:attachment":[{"href":"https:\/\/www.peptonicmedical.se\/en\/wp-json\/wp\/v2\/media?parent=1152"}],"curies":[{"name":"wp","href":"https:\/\/api.w.org\/{rel}","templated":true}]}}